{"id":9838,"date":"2020-10-30T17:41:59","date_gmt":"2020-10-30T17:41:59","guid":{"rendered":"https:\/\/www.leeb-balkone.com\/de\/?page_id=9838"},"modified":"2026-01-13T13:17:57","modified_gmt":"2026-01-13T13:17:57","slug":"qualitaetsmerkmale-von-holz","status":"publish","type":"page","link":"https:\/\/www.leeb-balkone.com\/de\/qualitaetsmerkmale-von-holz\/","title":{"rendered":"Qualit\u00e4tsmerkmale von Holz"},"content":{"rendered":"<header class=\"wp-block-group alignfull t3-header u-max-wide t3-header-text has-white-background-color has-background has-global-padding is-layout-constrained wp-block-group-is-layout-constrained\">\n    <div class=\"wp-block-group o-grid u-md-1 u-sm-1 is-layout-flow wp-block-group-is-layout-flow\">\n  <div class=\"wp-block-group u-g-10 u-g-s-2\">\n      <div class=\"yoast-breadcrumbs\"><span><span><a href=\"https:\/\/www.leeb-balkone.com\/de\/\">Home<\/a><\/span><\/span><\/div>\n      \n    <h1>Qualit\u00e4tsmerkmale von Holz<\/h1>\n  <\/div>\n<\/div>\n  <\/header>\n\n\n\n\n\n\n\n<section class=\"wp-block-cgb-t3-section-block alignfull b-pt-none  is-style-bg-white\" style=\"display:inherit;min-height:inherit\">\n<div class=\"wp-block-cgb-t3-container-block none\" style=\"background-color:none\"><div class=\"grid-container\"><div class=\"grid-x\"><div class=\"cell small-12 medium-9 large-0 medium-offset-1 b-has-lsmb\">\n<p><span class=\"teaser\">Leeb verwendet ausschlie\u00dflich ausgesuchte und nach PEFC-zertifizierte Nadelh\u00f6lzer aus nachhaltiger Forstwirtschaft. Holz ist einfach und vielseitig zu verarbeiten, nachhaltig herzustellen, leicht und vor allem robust. Die Natu\u0308rlichkeit dieses Werkstoffes bedingt aber auch einige Merkmale, die beachtet werden sollten:<\/span><\/p>\n<\/div><\/div><\/div><\/div>\n\n\n\n<div class=\"wp-block-cgb-t3-container-block none\" style=\"background-color:none\"><div class=\"grid-container\"><div class=\"grid-x\"><div class=\"cell small-12 medium-0 large-0 b-has-pt\"><div class=\"b-sps l-mbm\" id=\"\">\n    <div class=\"grid-container\">\n      <div class=\"grid-x\">\n              <div class=\"cell b-sps__img  small-12 medium-4 small-order-1 medium-order-1 \">\n          \n            <img loading=\"lazy\" decoding=\"async\" width=\"254\" height=\"170\" src=\"https:\/\/www.leeb-balkone.com\/app\/uploads\/2020\/10\/aeste-maserung.png\" class=\"attachment-large size-large\" alt=\"aeste maserung\" sizes=\"auto, (min-width: 1200px) 1024px, (min-width: 1024px) 768px, (min-width: 640px) 768px, 768px\" \/>        <\/div>\n            <div class=\"cell b-sps__cont  small-12 medium-8 small-order-2 medium-order-2\">\n        <div class=\"b-sps__inner-cont \">\n          <h2>\u00c4ste, Maserung<\/h2>\n<p>\u00c4ste bzw. Maserung sind charakteristisch fu\u0308r den Werkstoff Holz. Je nach Holzart, Wachstumsverlauf und Herkunftsort des Holzes k\u00f6nnen diese in den unterschiedlichsten Auspr\u00e4gungen auftreten. Anzahl und Gr\u00f6\u00dfe von mindestens einseitig fest verwachsenen \u00c4sten unterliegen bei Holzbalkonen und -z\u00e4unen keinerlei Einschr\u00e4nkungen.<\/p>\n\n        <\/div>\n      <\/div>\n    <\/div>\n    <\/div>\n  <\/div>\n\n\n<div class=\"b-sps l-mbm\" id=\"\">\n    <div class=\"grid-container\">\n      <div class=\"grid-x\">\n              <div class=\"cell b-sps__img  small-12 medium-4 small-order-1 medium-order-1 \">\n          \n            <img loading=\"lazy\" decoding=\"async\" width=\"254\" height=\"170\" src=\"https:\/\/www.leeb-balkone.com\/app\/uploads\/2020\/10\/aeste-maserung.png\" class=\"attachment-large size-large\" alt=\"aeste maserung\" sizes=\"auto, (min-width: 1200px) 1024px, (min-width: 1024px) 768px, (min-width: 640px) 768px, 768px\" \/>        <\/div>\n            <div class=\"cell b-sps__cont  small-12 medium-8 small-order-2 medium-order-2\">\n        <div class=\"b-sps__inner-cont \">\n          <h2>Markr\u00f6hre<\/h2>\n<p>Die Markr\u00f6hre befindet sich im Zentrum des Nadelholzstammes und verl\u00e4uft in L\u00e4ngsrichtung des Stammes. Sie misst meist einige Millimeter im Durchmesser. Durch das l\u00e4ngsseitige Anschneiden der Markr\u00f6hre bei der Verarbeitung des Holzes kommt diese zum Vorschein. Die Markr\u00f6hre wird f\u00e4lschlicherweise oft mit F\u00e4ulnis oder Insektenbefall verwechselt, hat aber keinen negativen Einfluss auf die Festigkeit des Holzes und stellt das natu\u0308rliche Erscheinungsbild dar.<\/p>\n\n        <\/div>\n      <\/div>\n    <\/div>\n    <\/div>\n  <\/div>\n\n\n<div class=\"b-sps l-mbm\" id=\"\">\n    <div class=\"grid-container\">\n      <div class=\"grid-x\">\n              <div class=\"cell b-sps__img  small-12 medium-4 small-order-1 medium-order-1 \">\n          \n            <img loading=\"lazy\" decoding=\"async\" width=\"254\" height=\"170\" src=\"https:\/\/www.leeb-balkone.com\/app\/uploads\/2020\/10\/aeste-maserung.png\" class=\"attachment-large size-large\" alt=\"aeste maserung\" sizes=\"auto, (min-width: 1200px) 1024px, (min-width: 1024px) 768px, (min-width: 640px) 768px, 768px\" \/>        <\/div>\n            <div class=\"cell b-sps__cont  small-12 medium-8 small-order-2 medium-order-2\">\n        <div class=\"b-sps__inner-cont \">\n          <h2>Quellen und Schwinden<\/h2>\n<p>Eine charakteristische Eigenschaft des natu\u0308rlichen Werkstoffs Holz ist die Volumen\u00e4nderung in Abh\u00e4ngigkeit vom Wassergehalt, was auch als Quellen und Schwinden bezeichnet wird. W\u00e4hrend Holz in L\u00e4ngsrichtung kaum arbeitet, kann es quer zur Holzfaser ohne Weiteres um 10 % quellen oder schwinden. Insbesondere bei dicht an dicht montierten H\u00f6lzern (z. B. Trennw\u00e4nden oder auch Bodendielen, v. a. Nut- und Federb\u00f6den) bzw. St\u00f6\u00dfen und Gehrungen ist das Quellen und Schwinden sowie die damit verbundene Lu\u0308ckenbildung nicht zu vermeiden.<\/p>\n\n        <\/div>\n      <\/div>\n    <\/div>\n    <\/div>\n  <\/div>\n\n\n<div class=\"b-sps l-mbm\" id=\"\">\n    <div class=\"grid-container\">\n      <div class=\"grid-x\">\n              <div class=\"cell b-sps__img  small-12 medium-4 small-order-1 medium-order-1 \">\n          \n            <img loading=\"lazy\" decoding=\"async\" width=\"254\" height=\"170\" src=\"https:\/\/www.leeb-balkone.com\/app\/uploads\/2020\/10\/aeste-maserung.png\" class=\"attachment-large size-large\" alt=\"aeste maserung\" sizes=\"auto, (min-width: 1200px) 1024px, (min-width: 1024px) 768px, (min-width: 640px) 768px, 768px\" \/>        <\/div>\n            <div class=\"cell b-sps__cont  small-12 medium-8 small-order-2 medium-order-2\">\n        <div class=\"b-sps__inner-cont \">\n          <h2>Gehrungen und St\u00f6\u00dfe<\/h2>\n<p>Handlaufgehrungen und -st\u00f6\u00dfe werden werkseitig mit einer ca. 2 mm breiten Fase versehen, um die Farbanhaftung an dieser kritischen Stelle noch weiter zu verbessern. Weiters ist zu beachten, dass Handlaufgehrungen und -st\u00f6\u00dfe im zusammengebauten Zustand durch Witterungseinflu\u0308sse mehrere Millimeter weit ge\u00f6ffnet sein oder \u00dcberst\u00e4nde aufweisen k\u00f6nnen. Dies ist durch das natu\u0308rliche Quellen und Schwinden des Holzes nicht zu vermeiden (siehe Quellen und Schwinden).<\/p>\n\n        <\/div>\n      <\/div>\n    <\/div>\n    <\/div>\n  <\/div>\n\n\n<div class=\"b-sps l-mbm\" id=\"\">\n    <div class=\"grid-container\">\n      <div class=\"grid-x\">\n              <div class=\"cell b-sps__img  small-12 medium-4 small-order-1 medium-order-1 \">\n          \n            <img loading=\"lazy\" decoding=\"async\" width=\"254\" height=\"170\" src=\"https:\/\/www.leeb-balkone.com\/app\/uploads\/2020\/10\/aeste-maserung.png\" class=\"attachment-large size-large\" alt=\"aeste maserung\" sizes=\"auto, (min-width: 1200px) 1024px, (min-width: 1024px) 768px, (min-width: 640px) 768px, 768px\" \/>        <\/div>\n            <div class=\"cell b-sps__cont  small-12 medium-8 small-order-2 medium-order-2\">\n        <div class=\"b-sps__inner-cont \">\n          <h2>Trockenrisse, Verwerfungen<\/h2>\n<p>Als Folge der nicht gleichm\u00e4\u00dfigen Struktur des Holzes finden die Dimensions\u00e4nderungen bei Austrocknungen des Holzes nicht gleichm\u00e4\u00dfig statt. Die Folge ist ein Auftreten von Trocknungsrissen und evtl. Verwerfungen (vor allem L\u00e4rchenholz ist hier anf\u00e4lliger, da es aufgrund seiner natu\u0308rlichen Struktur wesentlich st\u00e4rkeren Dimensions\u00e4nderungen unterliegt). Auch die sorgf\u00e4ltigste Holzauswahl und lange Lagerung des Holzes k\u00f6nnen diesen Effekt nicht verhindern.<\/p>\n\n        <\/div>\n      <\/div>\n    <\/div>\n    <\/div>\n  <\/div>\n\n\n<div class=\"b-sps l-mbm\" id=\"\">\n    <div class=\"grid-container\">\n      <div class=\"grid-x\">\n              <div class=\"cell b-sps__img  small-12 medium-4 small-order-1 medium-order-1 \">\n          \n            <img loading=\"lazy\" decoding=\"async\" width=\"254\" height=\"170\" src=\"https:\/\/www.leeb-balkone.com\/app\/uploads\/2020\/10\/aeste-maserung.png\" class=\"attachment-large size-large\" alt=\"aeste maserung\" sizes=\"auto, (min-width: 1200px) 1024px, (min-width: 1024px) 768px, (min-width: 640px) 768px, 768px\" \/>        <\/div>\n            <div class=\"cell b-sps__cont  small-12 medium-8 small-order-2 medium-order-2\">\n        <div class=\"b-sps__inner-cont \">\n          <h2>Oxidationsspuren durch Eisen<\/h2>\n<p>Unter gewissen Umst\u00e4nden kann es bei L\u00e4rchenholz zu Verf\u00e4rbungen durch Metallsp\u00e4ne\/Flugrost kommen (z. Bsp.: durch Schleif- oder Schneidearbeiten an Metall oder Zement in der N\u00e4he ihrer gelagerten oder bereits verbauten H\u00f6lzer). Durch Einwirken der natu\u0308rlichen Witterung beginnen die Metallsp\u00e4ne in Verbindung mit der Gerbs\u00e4ure im Holz zu korrodieren und lassen auf dessen Oberfl\u00e4che die dafu\u0308r typischen grauen Punkte entstehen. Diese stellen lediglich eine optische Beeintr\u00e4chtigung dar und k\u00f6nnen durch ein Holzbleichmittel relativ einfach entfernt werden.<\/p>\n\n        <\/div>\n      <\/div>\n    <\/div>\n    <\/div>\n  <\/div>\n\n\n<div class=\"b-sps l-mbm\" id=\"\">\n    <div class=\"grid-container\">\n      <div class=\"grid-x\">\n              <div class=\"cell b-sps__img  small-12 medium-4 small-order-1 medium-order-1 \">\n          \n            <img loading=\"lazy\" decoding=\"async\" width=\"254\" height=\"170\" src=\"https:\/\/www.leeb-balkone.com\/app\/uploads\/2020\/10\/aeste-maserung.png\" class=\"attachment-large size-large\" alt=\"aeste maserung\" sizes=\"auto, (min-width: 1200px) 1024px, (min-width: 1024px) 768px, (min-width: 640px) 768px, 768px\" \/>        <\/div>\n            <div class=\"cell b-sps__cont  small-12 medium-8 small-order-2 medium-order-2\">\n        <div class=\"b-sps__inner-cont \">\n          <h2>Rauigkeiten<\/h2>\n<p>Hierbei handelt es sich um raue Oberfl\u00e4chen, die bedingt durch eine Bearbeitung entgegen der Faserrichtung des Holzes oder im Bereich von \u00c4sten entstehen. Das ist trotz richtiger Werkzeugwahl und Arbeitsabfolge nicht immer zu vermeiden und kommt beim Fr\u00e4sen, Hobeln, bei Kappschnitten und bei Balusterrundungen vor.<\/p>\n\n        <\/div>\n      <\/div>\n    <\/div>\n    <\/div>\n  <\/div>\n\n\n<div class=\"b-sps l-mbm\" id=\"\">\n    <div class=\"grid-container\">\n      <div class=\"grid-x\">\n              <div class=\"cell b-sps__img  small-12 medium-4 small-order-1 medium-order-1 \">\n          \n            <img loading=\"lazy\" decoding=\"async\" width=\"254\" height=\"170\" src=\"https:\/\/www.leeb-balkone.com\/app\/uploads\/2020\/10\/aeste-maserung.png\" class=\"attachment-large size-large\" alt=\"aeste maserung\" sizes=\"auto, (min-width: 1200px) 1024px, (min-width: 1024px) 768px, (min-width: 640px) 768px, 768px\" \/>        <\/div>\n            <div class=\"cell b-sps__cont  small-12 medium-8 small-order-2 medium-order-2\">\n        <div class=\"b-sps__inner-cont \">\n          <h2>Harzaustritte<\/h2>\n<p>Nachtr\u00e4gliche Harzaustritte sind bei Nadelh\u00f6lzern nicht g\u00e4nzlich zu vermeiden. Gerade L\u00e4rchenholz hat einen vergleichsweise hohen Harzanteil, welcher aber auch fu\u0308r die Dauerhaftigkeit dieses Holzes verantwortlich ist. Der Harzaustritt findet vor allem im ersten Jahr statt, danach nur noch in geringem Umfang. Auch bei fertigen Anstrichen k\u00f6nnen an der Oberfl\u00e4che Harztropfen auftreten.<\/p>\n\n        <\/div>\n      <\/div>\n    <\/div>\n    <\/div>\n  <\/div>\n<\/div><\/div><\/div><\/div>\n<\/section>\n\n\n\n<section class=\"wp-block-cgb-t3-section-block alignfull\" style=\"display:inherit;min-height:inherit\">\n<div class=\"wp-block-cgb-t3-container-block none\" style=\"background-color:none\"><div class=\"grid-container\"><div class=\"grid-x\"><div class=\"cell small-12 medium-9 large-0 medium-offset-1 b-has-lsmb\">\n<h2 class=\"wp-block-heading\">ANSTRICHEMPFEHLUNGEN F\u00dcR OBERFL\u00c4CHEN OHNE WERKSEITIGE BESCHICHTUNG<\/h2>\n<\/div><\/div><\/div><\/div>\n\n\n\n<div class=\"wp-block-cgb-t3-container-block none\" style=\"background-color:none\"><div class=\"grid-container\"><div class=\"grid-x\"><div class=\"cell small-12 medium-0 large-0 b-has-pt\">\n<div class=\"wp-block-t3-layout-2-column grid-x grid-margin-x grid-margin-y\">\n<div class=\"wp-block-t3-column-6 cell small-12 medium-6\">\n<p>Sowohl unbehandelte Teile als auch solche, die ab<br>Werk mit der Doppel-Vakuum-Impr\u00e4gnierung versehen<br>wurden, mu\u0308ssen aus optischen Gru\u0308nden, vor allem<br>aber als Schutz vor UV-Strahlung mit einem farbigen<br>Anstrich versehen werden.<\/p>\n\n\n\n<p>Wir empfehlen insgesamt drei farbige Pinselanstriche<br>mit einer offenporigen diffusionsf\u00e4higen Lasur. Holz<br>ist ein lebender Werkstoff. Umgebungsfeuchtigkeit<br>und Regenwasser drinnen immer wieder durch kleine<br>Haarrisse in das Holz ein. Es muss gew\u00e4hrleistet sein,<br>dass diese Feuchtigkeit wieder ungehindert austrocknen<br>kann. Durch den Einsatz von offenporigen Du\u0308nnschichtlasuren bleibt das Holz atmungsaktiv.<\/p>\n\n\n\n<p>W\u00e4hlen Sie fu\u0308r den Anstrich mittlere Farbt\u00f6ne aus. Sehr<br>helle Farbt\u00f6ne bieten zu wenig UV-Schutz, zu dunkle<br>Farbt\u00f6ne fu\u0308hren bei Sonneneinstrahlung zu starker Aufheizung der Holzoberfl\u00e4che. Farblose Endanstriche sind<br>aufgrund des fehlenden UV-Schutzes nicht zu empfehlen.<\/p>\n<\/div>\n\n\n\n<div class=\"wp-block-t3-column-6 cell small-12 medium-6\">\n<h3 class=\"wp-block-heading\"><strong>Bitte beachten Sie folgende Zeitintervalle bei der Erstellung des Anstrichs:<\/strong><\/h3>\n\n\n\n<p><strong>Austrocknungszeit:<\/strong> Vor Beginn der Arbeiten muss gew\u00e4hrleistet sein, dass die Druckimpr\u00e4gnierung je nach Jahreszeit zumindest 3-6 Tage austrocknen kann (gilt nur fu\u0308r Teile, die werkseitig mit einer Impr\u00e4gnierung versehen wurden).<\/p>\n\n\n\n<p><strong>Erster und zweiter Anstrich:<\/strong> Nach Austrocknung der Teile<br>und jeweiliger Zwischentrocknungszeit von 1-2 Tagen<\/p>\n\n\n\n<p><strong>Dritter bzw. letzter Anstrich:<\/strong> ca. 2-3 Tage sp\u00e4ter. Zur<br>Beseitigung evtl. rauer Stellen vorher die Teile leicht zwischenschleifen<\/p>\n\n\n\n<p>Wir empfehlen als Anstrichsystem das von uns auch werkseitig verwendete, umweltfreundliche und wasserl\u00f6sliche Gori-Dreischicht-System (1x Gori Aquaprima 2907 plus 2x Gori Toskana).<\/p>\n<\/div>\n<\/div>\n<\/div><\/div><\/div><\/div>\n<\/section>\n","protected":false},"excerpt":{"rendered":"","protected":false},"author":1,"featured_media":0,"parent":0,"menu_order":88,"comment_status":"closed","ping_status":"closed","template":"template-onepager.blade.php","meta":{"_acf_changed":false,"footnotes":"","_sage_theme_css":true,"_wp_block_core_css":false},"folder":[],"class_list":["post-9838","page","type-page","status-publish","hentry"],"acf":[],"yoast_head":"<!-- This site is optimized with the Yoast SEO plugin v27.2 - https:\/\/yoast.com\/product\/yoast-seo-wordpress\/ -->\n<title>Qualit\u00e4tsmerkmale von Holz - Leeb Balkone Deutschland<\/title>\n<meta name=\"description\" content=\"Leeb verwendet ausschlie\u00dflich ausgesuchte und nach PEFC-zertifizierte Nadelh\u00f6lzer aus nachhaltiger Forstwirtschaft. Holz ist einfach und vielseitig zu\" \/>\n<meta name=\"robots\" content=\"index, follow, max-snippet:-1, max-image-preview:large, max-video-preview:-1\" \/>\n<meta property=\"og:locale\" content=\"de_DE\" \/>\n<meta property=\"og:type\" content=\"article\" \/>\n<meta property=\"og:title\" content=\"Qualit\u00e4tsmerkmale von Holz - Leeb Balkone\" \/>\n<meta property=\"og:description\" content=\"Leeb verwendet ausschlie\u00dflich ausgesuchte und nach PEFC-zertifizierte Nadelh\u00f6lzer aus nachhaltiger Forstwirtschaft. Holz ist einfach und vielseitig zu\" \/>\n<meta property=\"og:url\" content=\"https:\/\/www.leeb-balkone.com\/de\/qualitaetsmerkmale-von-holz\/\" \/>\n<meta property=\"og:site_name\" content=\"Leeb Balkone\" \/>\n<meta property=\"article:publisher\" content=\"https:\/\/www.facebook.com\/balkone\/\" \/>\n<meta property=\"article:modified_time\" content=\"2026-01-13T13:17:57+00:00\" \/>\n<meta property=\"og:image\" content=\"https:\/\/www.leeb-balkone.com\/app\/uploads\/2020\/09\/alu-balkongelaender-zufriedene-kunden-1.jpg\" \/>\n\t<meta property=\"og:image:width\" content=\"2560\" \/>\n\t<meta property=\"og:image:height\" content=\"1762\" \/>\n\t<meta property=\"og:image:type\" content=\"image\/jpeg\" \/>\n<meta name=\"twitter:card\" content=\"summary_large_image\" \/>\n<script type=\"application\/ld+json\" class=\"yoast-schema-graph\">{\"@context\":\"https:\/\/schema.org\",\"@graph\":[{\"@type\":\"WebPage\",\"@id\":\"https:\/\/www.leeb-balkone.com\/de\/qualitaetsmerkmale-von-holz\/\",\"url\":\"https:\/\/www.leeb-balkone.com\/de\/qualitaetsmerkmale-von-holz\/\",\"name\":\"Qualit\u00e4tsmerkmale von Holz - Leeb Balkone\",\"isPartOf\":{\"@id\":\"https:\/\/www.leeb-balkone.com\/de\/#website\"},\"datePublished\":\"2020-10-30T17:41:59+00:00\",\"dateModified\":\"2026-01-13T13:17:57+00:00\",\"description\":\"Leeb verwendet ausschlie\u00dflich ausgesuchte und nach PEFC-zertifizierte Nadelh\u00f6lzer aus nachhaltiger Forstwirtschaft. Holz ist einfach und vielseitig zu\",\"breadcrumb\":{\"@id\":\"https:\/\/www.leeb-balkone.com\/de\/qualitaetsmerkmale-von-holz\/#breadcrumb\"},\"inLanguage\":\"de\",\"potentialAction\":[{\"@type\":\"ReadAction\",\"target\":[\"https:\/\/www.leeb-balkone.com\/de\/qualitaetsmerkmale-von-holz\/\"]}]},{\"@type\":\"BreadcrumbList\",\"@id\":\"https:\/\/www.leeb-balkone.com\/de\/qualitaetsmerkmale-von-holz\/#breadcrumb\",\"itemListElement\":[{\"@type\":\"ListItem\",\"position\":1,\"name\":\"Home\",\"item\":\"https:\/\/www.leeb-balkone.com\/de\/\"},{\"@type\":\"ListItem\",\"position\":2,\"name\":\"Qualit\u00e4tsmerkmale von Holz\"}]},{\"@type\":\"WebSite\",\"@id\":\"https:\/\/www.leeb-balkone.com\/de\/#website\",\"url\":\"https:\/\/www.leeb-balkone.com\/de\/\",\"name\":\"Leeb Balkone\",\"description\":\"Balkone und Z\u00e4une\",\"publisher\":{\"@id\":\"https:\/\/www.leeb-balkone.com\/de\/#organization\"},\"potentialAction\":[{\"@type\":\"SearchAction\",\"target\":{\"@type\":\"EntryPoint\",\"urlTemplate\":\"https:\/\/www.leeb-balkone.com\/de\/?s={search_term_string}\"},\"query-input\":{\"@type\":\"PropertyValueSpecification\",\"valueRequired\":true,\"valueName\":\"search_term_string\"}}],\"inLanguage\":\"de\"},{\"@type\":\"Organization\",\"@id\":\"https:\/\/www.leeb-balkone.com\/de\/#organization\",\"name\":\"Leeb Balkone Gmbh\",\"url\":\"https:\/\/www.leeb-balkone.com\/de\/\",\"logo\":{\"@type\":\"ImageObject\",\"inLanguage\":\"de\",\"@id\":\"https:\/\/www.leeb-balkone.com\/de\/#\/schema\/logo\/image\/\",\"url\":\"https:\/\/www.leeb-balkone.com\/app\/uploads\/2020\/11\/leeb-logo.svg\",\"contentUrl\":\"https:\/\/www.leeb-balkone.com\/app\/uploads\/2020\/11\/leeb-logo.svg\",\"width\":741,\"height\":204,\"caption\":\"Leeb Balkone Gmbh\"},\"image\":{\"@id\":\"https:\/\/www.leeb-balkone.com\/de\/#\/schema\/logo\/image\/\"},\"sameAs\":[\"https:\/\/www.facebook.com\/balkone\/\",\"https:\/\/www.trustedshops.at\/bewertung\/info_X4587CCF5833E31AFE0B11F47D86999F2.html\",\"https:\/\/www.trustedshops.de\/bewertung\/info_X7BA536A7A0BDC86D36C4718E4DCAEEEF.html\",\"https:\/\/www.google.com\/maps\/place\/?q=place_id:ChIJ5-zH19-IcEcR9HonWRTllHI\"]}]}<\/script>\n<!-- \/ Yoast SEO plugin. -->","yoast_head_json":{"title":"Qualit\u00e4tsmerkmale von Holz - Leeb Balkone Deutschland","description":"Leeb verwendet ausschlie\u00dflich ausgesuchte und nach PEFC-zertifizierte Nadelh\u00f6lzer aus nachhaltiger Forstwirtschaft. Holz ist einfach und vielseitig zu","robots":{"index":"index","follow":"follow","max-snippet":"max-snippet:-1","max-image-preview":"max-image-preview:large","max-video-preview":"max-video-preview:-1"},"og_locale":"de_DE","og_type":"article","og_title":"Qualit\u00e4tsmerkmale von Holz - Leeb Balkone","og_description":"Leeb verwendet ausschlie\u00dflich ausgesuchte und nach PEFC-zertifizierte Nadelh\u00f6lzer aus nachhaltiger Forstwirtschaft. Holz ist einfach und vielseitig zu","og_url":"https:\/\/www.leeb-balkone.com\/de\/qualitaetsmerkmale-von-holz\/","og_site_name":"Leeb Balkone","article_publisher":"https:\/\/www.facebook.com\/balkone\/","article_modified_time":"2026-01-13T13:17:57+00:00","og_image":[{"width":2560,"height":1762,"url":"https:\/\/www.leeb-balkone.com\/app\/uploads\/2020\/09\/alu-balkongelaender-zufriedene-kunden-1.jpg","type":"image\/jpeg"}],"twitter_card":"summary_large_image","schema":{"@context":"https:\/\/schema.org","@graph":[{"@type":"WebPage","@id":"https:\/\/www.leeb-balkone.com\/de\/qualitaetsmerkmale-von-holz\/","url":"https:\/\/www.leeb-balkone.com\/de\/qualitaetsmerkmale-von-holz\/","name":"Qualit\u00e4tsmerkmale von Holz - Leeb Balkone","isPartOf":{"@id":"https:\/\/www.leeb-balkone.com\/de\/#website"},"datePublished":"2020-10-30T17:41:59+00:00","dateModified":"2026-01-13T13:17:57+00:00","description":"Leeb verwendet ausschlie\u00dflich ausgesuchte und nach PEFC-zertifizierte Nadelh\u00f6lzer aus nachhaltiger Forstwirtschaft. Holz ist einfach und vielseitig zu","breadcrumb":{"@id":"https:\/\/www.leeb-balkone.com\/de\/qualitaetsmerkmale-von-holz\/#breadcrumb"},"inLanguage":"de","potentialAction":[{"@type":"ReadAction","target":["https:\/\/www.leeb-balkone.com\/de\/qualitaetsmerkmale-von-holz\/"]}]},{"@type":"BreadcrumbList","@id":"https:\/\/www.leeb-balkone.com\/de\/qualitaetsmerkmale-von-holz\/#breadcrumb","itemListElement":[{"@type":"ListItem","position":1,"name":"Home","item":"https:\/\/www.leeb-balkone.com\/de\/"},{"@type":"ListItem","position":2,"name":"Qualit\u00e4tsmerkmale von Holz"}]},{"@type":"WebSite","@id":"https:\/\/www.leeb-balkone.com\/de\/#website","url":"https:\/\/www.leeb-balkone.com\/de\/","name":"Leeb Balkone","description":"Balkone und Z\u00e4une","publisher":{"@id":"https:\/\/www.leeb-balkone.com\/de\/#organization"},"potentialAction":[{"@type":"SearchAction","target":{"@type":"EntryPoint","urlTemplate":"https:\/\/www.leeb-balkone.com\/de\/?s={search_term_string}"},"query-input":{"@type":"PropertyValueSpecification","valueRequired":true,"valueName":"search_term_string"}}],"inLanguage":"de"},{"@type":"Organization","@id":"https:\/\/www.leeb-balkone.com\/de\/#organization","name":"Leeb Balkone Gmbh","url":"https:\/\/www.leeb-balkone.com\/de\/","logo":{"@type":"ImageObject","inLanguage":"de","@id":"https:\/\/www.leeb-balkone.com\/de\/#\/schema\/logo\/image\/","url":"https:\/\/www.leeb-balkone.com\/app\/uploads\/2020\/11\/leeb-logo.svg","contentUrl":"https:\/\/www.leeb-balkone.com\/app\/uploads\/2020\/11\/leeb-logo.svg","width":741,"height":204,"caption":"Leeb Balkone Gmbh"},"image":{"@id":"https:\/\/www.leeb-balkone.com\/de\/#\/schema\/logo\/image\/"},"sameAs":["https:\/\/www.facebook.com\/balkone\/","https:\/\/www.trustedshops.at\/bewertung\/info_X4587CCF5833E31AFE0B11F47D86999F2.html","https:\/\/www.trustedshops.de\/bewertung\/info_X7BA536A7A0BDC86D36C4718E4DCAEEEF.html","https:\/\/www.google.com\/maps\/place\/?q=place_id:ChIJ5-zH19-IcEcR9HonWRTllHI"]}]}},"_links":{"self":[{"href":"https:\/\/www.leeb-balkone.com\/de\/wp-json\/wp\/v2\/pages\/9838","targetHints":{"allow":["GET"]}}],"collection":[{"href":"https:\/\/www.leeb-balkone.com\/de\/wp-json\/wp\/v2\/pages"}],"about":[{"href":"https:\/\/www.leeb-balkone.com\/de\/wp-json\/wp\/v2\/types\/page"}],"author":[{"embeddable":true,"href":"https:\/\/www.leeb-balkone.com\/de\/wp-json\/wp\/v2\/users\/1"}],"replies":[{"embeddable":true,"href":"https:\/\/www.leeb-balkone.com\/de\/wp-json\/wp\/v2\/comments?post=9838"}],"version-history":[{"count":0,"href":"https:\/\/www.leeb-balkone.com\/de\/wp-json\/wp\/v2\/pages\/9838\/revisions"}],"wp:attachment":[{"href":"https:\/\/www.leeb-balkone.com\/de\/wp-json\/wp\/v2\/media?parent=9838"}],"wp:term":[{"taxonomy":"folder","embeddable":true,"href":"https:\/\/www.leeb-balkone.com\/de\/wp-json\/wp\/v2\/folder?post=9838"}],"curies":[{"name":"wp","href":"https:\/\/api.w.org\/{rel}","templated":true}]}}