{"id":23308,"date":"2021-02-10T14:31:17","date_gmt":"2021-02-10T14:31:17","guid":{"rendered":"https:\/\/www.leeb-balkone.com\/de\/?page_id=23308"},"modified":"2026-02-16T13:22:12","modified_gmt":"2026-02-16T13:22:12","slug":"service-und-wartung","status":"publish","type":"page","link":"https:\/\/www.leeb-balkone.com\/de\/service-und-wartung\/","title":{"rendered":"Service und Wartung"},"content":{"rendered":"<header class=\"wp-block-group alignfull t3-header u-max-wide t3-header-text has-white-background-color has-background has-global-padding is-layout-constrained wp-block-group-is-layout-constrained\">\n    <div class=\"wp-block-group o-grid u-md-1 u-sm-1 is-layout-flow wp-block-group-is-layout-flow\">\n  <div class=\"wp-block-group u-g-10 u-g-s-2\">\n      <div class=\"yoast-breadcrumbs\"><span><span><a href=\"https:\/\/www.leeb-balkone.com\/de\/\">Home<\/a><\/span><\/span><\/div>\n      \n    <h1>Service und Wartung<\/h1>\n  <\/div>\n<\/div>\n  <\/header>\n\n\n\n\n\n\n\n<section class=\"wp-block-cgb-t3-section-block alignfull b-pt-none b-pb-small is-style-bg-white\" style=\"display:inherit;min-height:inherit\">\n<figure class=\"wp-block-image aligncenter size-large\"><a href=\"\/app\/uploads\/2021\/04\/Service_Wartung_2025_Druckdatei.pdf\"><img loading=\"lazy\" decoding=\"async\" width=\"1024\" height=\"811\" src=\"\/app\/uploads\/2021\/02\/service-und-wartungsbroschuere-mockup-1-1024x811.jpg\" alt=\"service und wartungsbroschuere mockup\" class=\"wp-image-23320\" srcset=\"https:\/\/www.leeb-balkone.com\/app\/uploads\/2021\/02\/service-und-wartungsbroschuere-mockup-1-1024x811.jpg 1024w, https:\/\/www.leeb-balkone.com\/app\/uploads\/2021\/02\/service-und-wartungsbroschuere-mockup-1-300x238.jpg 300w, https:\/\/www.leeb-balkone.com\/app\/uploads\/2021\/02\/service-und-wartungsbroschuere-mockup-1-768x609.jpg 768w, https:\/\/www.leeb-balkone.com\/app\/uploads\/2021\/02\/service-und-wartungsbroschuere-mockup-1-1536x1217.jpg 1536w, https:\/\/www.leeb-balkone.com\/app\/uploads\/2021\/02\/service-und-wartungsbroschuere-mockup-1-2048x1623.jpg 2048w\" sizes=\"auto, (max-width: 1024px) 100vw, 1024px\" \/><\/a><\/figure>\n\n\n\n<div class=\"wp-block-cgb-t3-container-block none\" style=\"background-color:none\"><div class=\"grid-container\"><div class=\"grid-x\"><div class=\"cell small-12 medium-9 large-0 medium-offset-1 b-has-lsmb\">\n<h4 class=\"wp-block-heading has-text-align-left\"><a href=\"https:\/\/www.leeb-balkone.com\/app\/uploads\/2026\/02\/Service_Wartung_2025_Version-2.pdf\">Service- &amp; Wartungsbrosch\u00fcre \u00f6ffnen<\/a><\/h4>\n\n\n\n<p>Sie haben sich f\u00fcr ein Leeb-Qualit\u00e4tsprodukt entschieden, das Ihnen mit Sicherheit viel Freude bereiten wird. Als europ\u00e4ischer Marktf\u00fchrer sind wir seit 120 Jahren in der Holzverarbeitung t\u00e4tig und seit 50 Jahren auf die Entwicklung und Produktion von Balkonen und Z\u00e4unen aus Aluminium, Holz und Glas spezialisiert. Besonderes Augenmerk legen wir auf Langlebigkeit, einfache Wartung und dauerhaft sch\u00f6ne Optik.<\/p>\n\n\n\n<p>Auch die besten Produkte sollten richtig verwendet, gepflegt und gewartet werden. Holz ist bei entsprechender Behandlung ein nat\u00fcrlicher Werkstoff mit idealen Eigenschaften. Aluminium ist ein unverw\u00fcstliches Material, das aber auch eines geringen Ma\u00dfes an Pflege und Wartung bedarf. Die regelm\u00e4\u00dfige Pflege wirkt sich positiv auf den Werterhalt Ihres Leeb-Produkts aus.<\/p>\n\n\n\n<p>In der folgenden Service- und Wartungsbrosch\u00fcre finden Sie dazu wichtige Informationen, damit auch Sie Ihren sch\u00f6nsten Platz an der Sonne dauerhaft genie\u00dfen k\u00f6nnen.<\/p>\n\n\n\n<p>Ihr Team-Leeb<\/p>\n<\/div><\/div><\/div><\/div>\n<\/section>\n","protected":false},"excerpt":{"rendered":"","protected":false},"author":1,"featured_media":0,"parent":0,"menu_order":132,"comment_status":"closed","ping_status":"closed","template":"template-onepager.blade.php","meta":{"_acf_changed":false,"footnotes":"","_sage_theme_css":true,"_wp_block_core_css":false},"folder":[],"class_list":["post-23308","page","type-page","status-publish","hentry"],"acf":[],"yoast_head":"<!-- This site is optimized with the Yoast SEO plugin v27.2 - https:\/\/yoast.com\/product\/yoast-seo-wordpress\/ -->\n<title>Service und Wartung - Leeb Balkone Deutschland<\/title>\n<meta name=\"description\" content=\"Service- &amp; Wartungsbrosch\u00fcre \u00f6ffnen Sie haben sich f\u00fcr ein Leeb-Qualit\u00e4tsprodukt entschieden, das Ihnen mit Sicherheit viel Freude bereiten wird. Als\" \/>\n<meta name=\"robots\" content=\"index, follow, max-snippet:-1, max-image-preview:large, max-video-preview:-1\" \/>\n<meta property=\"og:locale\" content=\"de_DE\" \/>\n<meta property=\"og:type\" content=\"article\" \/>\n<meta property=\"og:title\" content=\"Service und Wartung - Leeb Balkone\" \/>\n<meta property=\"og:description\" content=\"Service- &amp; Wartungsbrosch\u00fcre \u00f6ffnen Sie haben sich f\u00fcr ein Leeb-Qualit\u00e4tsprodukt entschieden, das Ihnen mit Sicherheit viel Freude bereiten wird. Als\" \/>\n<meta property=\"og:url\" content=\"https:\/\/www.leeb-balkone.com\/de\/service-und-wartung\/\" \/>\n<meta property=\"og:site_name\" content=\"Leeb Balkone\" \/>\n<meta property=\"article:publisher\" content=\"https:\/\/www.facebook.com\/balkone\/\" \/>\n<meta property=\"article:modified_time\" content=\"2026-02-16T13:22:12+00:00\" \/>\n<meta property=\"og:image\" content=\"https:\/\/www.leeb-balkone.com\/app\/uploads\/2020\/09\/alu-balkongelaender-zufriedene-kunden-1.jpg\" \/>\n\t<meta property=\"og:image:width\" content=\"2560\" \/>\n\t<meta property=\"og:image:height\" content=\"1762\" \/>\n\t<meta property=\"og:image:type\" content=\"image\/jpeg\" \/>\n<meta name=\"twitter:card\" content=\"summary_large_image\" \/>\n<script type=\"application\/ld+json\" class=\"yoast-schema-graph\">{\"@context\":\"https:\/\/schema.org\",\"@graph\":[{\"@type\":\"WebPage\",\"@id\":\"https:\/\/www.leeb-balkone.com\/de\/service-und-wartung\/\",\"url\":\"https:\/\/www.leeb-balkone.com\/de\/service-und-wartung\/\",\"name\":\"Service und Wartung - Leeb Balkone\",\"isPartOf\":{\"@id\":\"https:\/\/www.leeb-balkone.com\/de\/#website\"},\"datePublished\":\"2021-02-10T14:31:17+00:00\",\"dateModified\":\"2026-02-16T13:22:12+00:00\",\"description\":\"Service- &amp; Wartungsbrosch\u00fcre \u00f6ffnen Sie haben sich f\u00fcr ein Leeb-Qualit\u00e4tsprodukt entschieden, das Ihnen mit Sicherheit viel Freude bereiten wird. Als\",\"breadcrumb\":{\"@id\":\"https:\/\/www.leeb-balkone.com\/de\/service-und-wartung\/#breadcrumb\"},\"inLanguage\":\"de\",\"potentialAction\":[{\"@type\":\"ReadAction\",\"target\":[\"https:\/\/www.leeb-balkone.com\/de\/service-und-wartung\/\"]}]},{\"@type\":\"BreadcrumbList\",\"@id\":\"https:\/\/www.leeb-balkone.com\/de\/service-und-wartung\/#breadcrumb\",\"itemListElement\":[{\"@type\":\"ListItem\",\"position\":1,\"name\":\"Home\",\"item\":\"https:\/\/www.leeb-balkone.com\/de\/\"},{\"@type\":\"ListItem\",\"position\":2,\"name\":\"Service und Wartung\"}]},{\"@type\":\"WebSite\",\"@id\":\"https:\/\/www.leeb-balkone.com\/de\/#website\",\"url\":\"https:\/\/www.leeb-balkone.com\/de\/\",\"name\":\"Leeb Balkone\",\"description\":\"Balkone und Z\u00e4une\",\"publisher\":{\"@id\":\"https:\/\/www.leeb-balkone.com\/de\/#organization\"},\"potentialAction\":[{\"@type\":\"SearchAction\",\"target\":{\"@type\":\"EntryPoint\",\"urlTemplate\":\"https:\/\/www.leeb-balkone.com\/de\/?s={search_term_string}\"},\"query-input\":{\"@type\":\"PropertyValueSpecification\",\"valueRequired\":true,\"valueName\":\"search_term_string\"}}],\"inLanguage\":\"de\"},{\"@type\":\"Organization\",\"@id\":\"https:\/\/www.leeb-balkone.com\/de\/#organization\",\"name\":\"Leeb Balkone Gmbh\",\"url\":\"https:\/\/www.leeb-balkone.com\/de\/\",\"logo\":{\"@type\":\"ImageObject\",\"inLanguage\":\"de\",\"@id\":\"https:\/\/www.leeb-balkone.com\/de\/#\/schema\/logo\/image\/\",\"url\":\"https:\/\/www.leeb-balkone.com\/app\/uploads\/2020\/11\/leeb-logo.svg\",\"contentUrl\":\"https:\/\/www.leeb-balkone.com\/app\/uploads\/2020\/11\/leeb-logo.svg\",\"width\":741,\"height\":204,\"caption\":\"Leeb Balkone Gmbh\"},\"image\":{\"@id\":\"https:\/\/www.leeb-balkone.com\/de\/#\/schema\/logo\/image\/\"},\"sameAs\":[\"https:\/\/www.facebook.com\/balkone\/\",\"https:\/\/www.trustedshops.at\/bewertung\/info_X4587CCF5833E31AFE0B11F47D86999F2.html\",\"https:\/\/www.trustedshops.de\/bewertung\/info_X7BA536A7A0BDC86D36C4718E4DCAEEEF.html\",\"https:\/\/www.google.com\/maps\/place\/?q=place_id:ChIJ5-zH19-IcEcR9HonWRTllHI\"]}]}<\/script>\n<!-- \/ Yoast SEO plugin. -->","yoast_head_json":{"title":"Service und Wartung - Leeb Balkone Deutschland","description":"Service- &amp; Wartungsbrosch\u00fcre \u00f6ffnen Sie haben sich f\u00fcr ein Leeb-Qualit\u00e4tsprodukt entschieden, das Ihnen mit Sicherheit viel Freude bereiten wird. Als","robots":{"index":"index","follow":"follow","max-snippet":"max-snippet:-1","max-image-preview":"max-image-preview:large","max-video-preview":"max-video-preview:-1"},"og_locale":"de_DE","og_type":"article","og_title":"Service und Wartung - Leeb Balkone","og_description":"Service- &amp; Wartungsbrosch\u00fcre \u00f6ffnen Sie haben sich f\u00fcr ein Leeb-Qualit\u00e4tsprodukt entschieden, das Ihnen mit Sicherheit viel Freude bereiten wird. Als","og_url":"https:\/\/www.leeb-balkone.com\/de\/service-und-wartung\/","og_site_name":"Leeb Balkone","article_publisher":"https:\/\/www.facebook.com\/balkone\/","article_modified_time":"2026-02-16T13:22:12+00:00","og_image":[{"width":2560,"height":1762,"url":"https:\/\/www.leeb-balkone.com\/app\/uploads\/2020\/09\/alu-balkongelaender-zufriedene-kunden-1.jpg","type":"image\/jpeg"}],"twitter_card":"summary_large_image","schema":{"@context":"https:\/\/schema.org","@graph":[{"@type":"WebPage","@id":"https:\/\/www.leeb-balkone.com\/de\/service-und-wartung\/","url":"https:\/\/www.leeb-balkone.com\/de\/service-und-wartung\/","name":"Service und Wartung - Leeb Balkone","isPartOf":{"@id":"https:\/\/www.leeb-balkone.com\/de\/#website"},"datePublished":"2021-02-10T14:31:17+00:00","dateModified":"2026-02-16T13:22:12+00:00","description":"Service- &amp; Wartungsbrosch\u00fcre \u00f6ffnen Sie haben sich f\u00fcr ein Leeb-Qualit\u00e4tsprodukt entschieden, das Ihnen mit Sicherheit viel Freude bereiten wird. Als","breadcrumb":{"@id":"https:\/\/www.leeb-balkone.com\/de\/service-und-wartung\/#breadcrumb"},"inLanguage":"de","potentialAction":[{"@type":"ReadAction","target":["https:\/\/www.leeb-balkone.com\/de\/service-und-wartung\/"]}]},{"@type":"BreadcrumbList","@id":"https:\/\/www.leeb-balkone.com\/de\/service-und-wartung\/#breadcrumb","itemListElement":[{"@type":"ListItem","position":1,"name":"Home","item":"https:\/\/www.leeb-balkone.com\/de\/"},{"@type":"ListItem","position":2,"name":"Service und Wartung"}]},{"@type":"WebSite","@id":"https:\/\/www.leeb-balkone.com\/de\/#website","url":"https:\/\/www.leeb-balkone.com\/de\/","name":"Leeb Balkone","description":"Balkone und Z\u00e4une","publisher":{"@id":"https:\/\/www.leeb-balkone.com\/de\/#organization"},"potentialAction":[{"@type":"SearchAction","target":{"@type":"EntryPoint","urlTemplate":"https:\/\/www.leeb-balkone.com\/de\/?s={search_term_string}"},"query-input":{"@type":"PropertyValueSpecification","valueRequired":true,"valueName":"search_term_string"}}],"inLanguage":"de"},{"@type":"Organization","@id":"https:\/\/www.leeb-balkone.com\/de\/#organization","name":"Leeb Balkone Gmbh","url":"https:\/\/www.leeb-balkone.com\/de\/","logo":{"@type":"ImageObject","inLanguage":"de","@id":"https:\/\/www.leeb-balkone.com\/de\/#\/schema\/logo\/image\/","url":"https:\/\/www.leeb-balkone.com\/app\/uploads\/2020\/11\/leeb-logo.svg","contentUrl":"https:\/\/www.leeb-balkone.com\/app\/uploads\/2020\/11\/leeb-logo.svg","width":741,"height":204,"caption":"Leeb Balkone Gmbh"},"image":{"@id":"https:\/\/www.leeb-balkone.com\/de\/#\/schema\/logo\/image\/"},"sameAs":["https:\/\/www.facebook.com\/balkone\/","https:\/\/www.trustedshops.at\/bewertung\/info_X4587CCF5833E31AFE0B11F47D86999F2.html","https:\/\/www.trustedshops.de\/bewertung\/info_X7BA536A7A0BDC86D36C4718E4DCAEEEF.html","https:\/\/www.google.com\/maps\/place\/?q=place_id:ChIJ5-zH19-IcEcR9HonWRTllHI"]}]}},"_links":{"self":[{"href":"https:\/\/www.leeb-balkone.com\/de\/wp-json\/wp\/v2\/pages\/23308","targetHints":{"allow":["GET"]}}],"collection":[{"href":"https:\/\/www.leeb-balkone.com\/de\/wp-json\/wp\/v2\/pages"}],"about":[{"href":"https:\/\/www.leeb-balkone.com\/de\/wp-json\/wp\/v2\/types\/page"}],"author":[{"embeddable":true,"href":"https:\/\/www.leeb-balkone.com\/de\/wp-json\/wp\/v2\/users\/1"}],"replies":[{"embeddable":true,"href":"https:\/\/www.leeb-balkone.com\/de\/wp-json\/wp\/v2\/comments?post=23308"}],"version-history":[{"count":6,"href":"https:\/\/www.leeb-balkone.com\/de\/wp-json\/wp\/v2\/pages\/23308\/revisions"}],"predecessor-version":[{"id":164363,"href":"https:\/\/www.leeb-balkone.com\/de\/wp-json\/wp\/v2\/pages\/23308\/revisions\/164363"}],"wp:attachment":[{"href":"https:\/\/www.leeb-balkone.com\/de\/wp-json\/wp\/v2\/media?parent=23308"}],"wp:term":[{"taxonomy":"folder","embeddable":true,"href":"https:\/\/www.leeb-balkone.com\/de\/wp-json\/wp\/v2\/folder?post=23308"}],"curies":[{"name":"wp","href":"https:\/\/api.w.org\/{rel}","templated":true}]}}