{"id":19564,"date":"2020-09-17T09:27:19","date_gmt":"2020-09-17T09:27:19","guid":{"rendered":"https:\/\/www.leeb-balkone.com\/de\/leeb-inside\/"},"modified":"2026-01-15T18:52:55","modified_gmt":"2026-01-15T18:52:55","slug":"leeb-inside","status":"publish","type":"page","link":"https:\/\/www.leeb-balkone.com\/ch\/leeb-inside\/","title":{"rendered":"Leeb Inside"},"content":{"rendered":"<header data-block_acf-block-6969377849462 class=\"c-fh  l-mh-small c-fh--hero c-grad-l2r c-fh--div none\">\n      <img loading=\"lazy\" decoding=\"async\" width=\"2560\" height=\"1918\" src=\"https:\/\/www.leeb-balkone.com\/app\/uploads\/2020\/10\/leeb-balkone-mitarbeiter-11-scaled.jpg\" class=\"no-lazy\" alt=\"leeb balkone mitarbeiter 11\" srcset=\"https:\/\/www.leeb-balkone.com\/app\/uploads\/2020\/10\/leeb-balkone-mitarbeiter-11-scaled.jpg 2560w, https:\/\/www.leeb-balkone.com\/app\/uploads\/2020\/10\/leeb-balkone-mitarbeiter-11-300x225.jpg 300w, https:\/\/www.leeb-balkone.com\/app\/uploads\/2020\/10\/leeb-balkone-mitarbeiter-11-1024x767.jpg 1024w, https:\/\/www.leeb-balkone.com\/app\/uploads\/2020\/10\/leeb-balkone-mitarbeiter-11-768x575.jpg 768w, https:\/\/www.leeb-balkone.com\/app\/uploads\/2020\/10\/leeb-balkone-mitarbeiter-11-1536x1151.jpg 1536w, https:\/\/www.leeb-balkone.com\/app\/uploads\/2020\/10\/leeb-balkone-mitarbeiter-11-2048x1535.jpg 2048w\" sizes=\"auto, (min-width: 1536px) 2048px, (min-width: 992px) 1536px, (min-width: 768px) 1024px, (min-width: 576px) 768px, 100vw\" \/>\n\n\n<div class=\"grid-container\">\n  <div class=\"grid-x\">\n    <div class=\"cell small-12 medium-6 medium-offset-1\">\n      <div class=\"c-fh__wrapper\">\n                              <p>Zukunftssichere Jobs in Gnesau<\/p>\n                        <\/div>\n    <\/div>\n  <\/div>\n<\/div>\n  \n    \n    <\/header>\n\n\n  \n  <section class=\"wp-block-group alignfull t3-header u-max-wide t3-header-text has-white-background-color has-background has-global-padding is-layout-constrained wp-block-group-is-layout-constrained\">\n    <div class=\"wp-block-group o-grid u-md-1 u-sm-1 is-layout-flow wp-block-group-is-layout-flow\">\n  <div class=\"wp-block-group u-g-10 u-g-s-2\">\n      <div class=\"yoast-breadcrumbs\"><span><span><a href=\"https:\/\/www.leeb-balkone.com\/ch\/\">Home<\/a><\/span><\/span><\/div>\n      \n    <h1>Leeb Inside<\/h1>\n  <\/div>\n<\/div>\n  <\/section>\n\n\n\n\n\n\n<section class=\"wp-block-cgb-t3-section-block alignfull b-pt-small  is-style-bg-white\" style=\"display:inherit;min-height:inherit\">\n<div class=\"wp-block-cgb-t3-container-block none\" style=\"background-color:none\"><div class=\"grid-container\"><div class=\"grid-x\"><div class=\"cell small-12 medium-9 large-0 medium-offset-1 b-has-lsmb\">\n<p><span class=\"teaser\">Wir besch\u00e4ftigen an den Standorten Gnesau und Krumpendorf \u00fcber 230 Mitarbeiterinnen und Mitarbeiter. Dabei wird gro\u00dfer Wert auf ein gutes Betriebsklima und einen wertsch\u00e4tzenden Umgang gelegt. Im Familienunternehmen in vierter Generation wird Gemeinschaft gro\u00dfgeschrieben. Neben der j\u00e4hrlichen Weihnachtsfeier gibt es zahlreiche Firmenevents, die die Gemeinschaft verst\u00e4rken.<\/span><\/p>\n\n\n\n<p>Uns ist es wichtig, dass sich die Mitarbeiter wohl f\u00fchlen und Teil vom \u201eTeam Leeb\u201c sind. Eine eigene Smartphone-App f\u00f6rdert die interne Kommunikation und den Informationsaustausch und informiert laufend \u00fcber Aktionen, Firmenevents und Neuerungen. Neben eigenen Firmenwohnungen in Gnesau sorgen kostenlose Shuttle-Busse von Feldkirchen, Sirnitz und Radenthein daf\u00fcr, dass unsere Mitarbeiter sicher zur Arbeit und wieder zur\u00fcckgebracht werden. Alle Mitarbeiter kaufen mit einer Leeb Card verg\u00fcnstigt bei Partner-Betrieben in der Region ein. Auch f\u00fcr die Gesundheit wird gesorgt: t\u00e4glich frisches Obst und ein Firmenarzt stehen allen Mitarbeitern zur Verf\u00fcgung.<\/p>\n<\/div><\/div><\/div><\/div>\n\n\n\n<div class=\"wp-block-cgb-t3-container-block none\" style=\"background-color:none\"><div class=\"grid-container\"><div class=\"grid-x\"><div class=\"cell small-12 medium-9 large-0 medium-offset-1 b-has-pt b-has-lsmb\"><div class=\"c-person grid-x grid-margin-x\">\n  <div class=\"c-person__img cell small-12 medium-4\">\n      <div class=\"c-person__img-wrapper\">\n        \n          <img loading=\"lazy\" decoding=\"async\" src=\"https:\/\/www.leeb-balkone.com\/app\/uploads\/2020\/09\/leeb-mitarbeiter-burgi-kirchbaumer-scaled-e1603174798260-640x640.jpg\" class=\"h-rounded-img\" alt=\"leeb mitarbeiter burgi kirchbaumer\" width=\"640\" height=\"432\" \/>\n        \n      <\/div>\n  <\/div>\n  <div class=\"c-person__txt cell small-12 medium-8\">\n    <div class=\"c-person__txt-wrapper h-lc-no-mb\">\n              <h3>\n                    Burgunde Kirchbaumer\n        <\/h3>\n                  <small>Kaufm\u00e4nnische Auftragsbearbeitung<\/small>\n                                      <p class=\"blockquote\">Die Arbeit bei Leeb ist f\u00fcr mich ganz besonders, weil es ein Familien-gef\u00fchrtes Unternehmen ist. Das sp\u00fcrt man, da man immer unterst\u00fctzt wird \u2013 ob in der Arbeit oder privat. Die Arbeit in solch einem sozialen Betrieb und in der kundenorientierten\r\nT\u00e4tigkeit als Sachbearbeiterin macht jeden Tag aufs Neue Spa\u00df und ist eine spannende Herausforderung! Viele unterschiedliche Kunden machen die Arbeit zu einer\r\nindividuellen T\u00e4tigkeit.<\/p>\n                        \n      \n                <\/div>\n  <\/div>\n<\/div>\n\n\n<div class=\"c-person grid-x grid-margin-x\">\n  <div class=\"c-person__img cell small-12 medium-4\">\n      <div class=\"c-person__img-wrapper\">\n        \n          <img loading=\"lazy\" decoding=\"async\" src=\"https:\/\/www.leeb-balkone.com\/app\/uploads\/2020\/09\/leeb-balkone-mitarbeiter-emanuel-stingl-cad-scaled-e1603174767444-640x640.jpg\" class=\"h-rounded-img\" alt=\"leeb balkone mitarbeiter emanuel stingl cad\" width=\"640\" height=\"432\" \/>\n        \n      <\/div>\n  <\/div>\n  <div class=\"c-person__txt cell small-12 medium-8\">\n    <div class=\"c-person__txt-wrapper h-lc-no-mb\">\n              <h3>\n                    Emanuel Stingl\n        <\/h3>\n                  <small>CAD Technik<\/small>\n                                      <p class=\"blockquote\">Die Besonderheit an der Arbeit bei Leeb liegt im famili\u00e4ren Arbeitsklima, im Arbeiten in einem jungen Team sowie in den nagelneuen B\u00fcros mit See-\/ Bergblick. Es wird immer die aktuellste Hard- und Software zur Verf\u00fcgung gestellt, auch wird die pers\u00f6nliche Weiterentwicklung und Weiterbildung sehr stark gef\u00f6rdert. Als CAD Techniker gibt es t\u00e4glich neue Herausforderungen, die es zu meistern gilt, welche die Arbeit besonders abwechslungsreich machen. Dabei kann jeder seine eigenen Ideen und Vorstellungen mit einflie\u00dfen lassen, selbstst\u00e4ndiges Arbeiten wird besonders unterst\u00fctzt. Trotzdem hat man jederzeit die M\u00f6glichkeit, auf das Wissen des Teams zur\u00fcckzugreifen.<\/p>\n                        \n      \n                <\/div>\n  <\/div>\n<\/div>\n<\/div><\/div><\/div><\/div>\n<\/section>\n\n\n\n<section class=\"wp-block-cgb-t3-section-block alignfull b-pt-none  is-style-bg-transparent\" style=\"display:inherit;min-height:inherit\">\n<div class=\"wp-block-cgb-t3-container-block b-has-offset-b\" style=\"background-color:#EE7203\"><div class=\"has-padding none grid-container-wrapper\"><div class=\"grid-container\"><div class=\"grid-x\"><div class=\"cell small-12 medium-10 large-0 medium-offset-1 b-has-lsmb\">\n<h2 class=\"wp-block-heading has-white-color has-text-color\" id=\"erleeb-deine-karriere\"><span class=\"h2ash1\">ERLEEB&#8217; DEINE KARRIERE <\/span><\/h2>\n\n\n\n<p class=\"has-white-color has-text-color\"><span class=\"teaser\">Seit \u00fcber 60 Jahren f\u00f6rdert Leeb Balkone Karriere. Heute machen rund 200 Mitarbeiterinnen und Mitarbeiter am K\u00e4rntner Standort Leeb zu Europas f\u00fchrendem Balkonhersteller.<\/span><\/p>\n<\/div><\/div><\/div><\/div><\/div>\n\n\n\n<div class=\"wp-block-cgb-t3-container-block none\" style=\"background-color:none\"><div class=\"grid-container\"><div class=\"grid-x\"><div class=\"cell small-12 medium-12 large-0\"><div class=\"u-grid-temp has-2-cols u-md-2 u-sm-1 is-style-transparent-cards offset wp-block-group is-layout-grid wp-block-group-is-layout-grid\">\n\n\n  \n\n            <div class=\"wp-block-group m-card is-layout-flow wp-block-group-is-layout-flow\">\n      <figure data-imgid=\"13013\" class=\"wp-block-image size-large\">\n      <a href=\"https:\/\/www.leeb-balkone.com\/de\/jobs\/\" class=\"no-default-link\">\n        <img decoding=\"async\" width=\"768\" height=\"575\" src=\"https:\/\/www.leeb-balkone.com\/app\/uploads\/2020\/10\/leeb-balkone-mitarbeiter-13-768x575.jpg\" class=\"attachment-medium_large size-medium_large\" alt=\"leeb balkone mitarbeiter 13\" title=\"Offene Stellen\" loading=\"lazy\" srcset=\"https:\/\/www.leeb-balkone.com\/app\/uploads\/2020\/10\/leeb-balkone-mitarbeiter-13-768x575.jpg 768w, https:\/\/www.leeb-balkone.com\/app\/uploads\/2020\/10\/leeb-balkone-mitarbeiter-13-300x225.jpg 300w, https:\/\/www.leeb-balkone.com\/app\/uploads\/2020\/10\/leeb-balkone-mitarbeiter-13-1024x767.jpg 1024w, https:\/\/www.leeb-balkone.com\/app\/uploads\/2020\/10\/leeb-balkone-mitarbeiter-13-1536x1151.jpg 1536w, https:\/\/www.leeb-balkone.com\/app\/uploads\/2020\/10\/leeb-balkone-mitarbeiter-13-2048x1535.jpg 2048w\" sizes=\"auto, (min-width: 1200px) 360px, (min-width: 1024px) 300px, (min-width: 640px) 768px, 768px\" \/>      <\/a>\n    <\/figure>\n  \n  <div class=\"wp-block-group m-card-content is-vertical is-layout-flex wp-block-group-is-layout-flex\">\n            <h3 class=\"wp-block-heading\">\n          <a href=\"https:\/\/www.leeb-balkone.com\/de\/jobs\/\" class=\"no-default-link\">Offene Stellen<\/a>\n        <\/h3>\n        <p>Alle Jobs erledigen wir in hochqualifizierten Teams, das in allen Unternehmensbereichen langj\u00e4hrige Erfahrung und junge, kreative K\u00f6pfe vereint.<\/p>\n          <a href=\"https:\/\/www.leeb-balkone.com\/de\/jobs\/\" class=\"more\">Zu den offenen Stellen<\/a>\n      <\/div>\n<\/div>\n\n          <div class=\"wp-block-group m-card is-layout-flow wp-block-group-is-layout-flow\">\n      <figure data-imgid=\"12413\" class=\"wp-block-image size-large\">\n      <a href=\"https:\/\/www.leeb-balkone.com\/ch\/leebcard\/\" class=\"no-default-link\">\n        <img decoding=\"async\" width=\"768\" height=\"490\" src=\"https:\/\/www.leeb-balkone.com\/app\/uploads\/2020\/08\/alu-leeb-balkone-leeb-card-768x490.jpg\" class=\"attachment-medium_large size-medium_large\" alt=\"alu leeb balkone leeb card\" title=\"Leeb Card\" loading=\"lazy\" srcset=\"https:\/\/www.leeb-balkone.com\/app\/uploads\/2020\/08\/alu-leeb-balkone-leeb-card-768x490.jpg 768w, https:\/\/www.leeb-balkone.com\/app\/uploads\/2020\/08\/alu-leeb-balkone-leeb-card-300x191.jpg 300w, https:\/\/www.leeb-balkone.com\/app\/uploads\/2020\/08\/alu-leeb-balkone-leeb-card-1024x654.jpg 1024w, https:\/\/www.leeb-balkone.com\/app\/uploads\/2020\/08\/alu-leeb-balkone-leeb-card-1536x980.jpg 1536w, https:\/\/www.leeb-balkone.com\/app\/uploads\/2020\/08\/alu-leeb-balkone-leeb-card.jpg 1880w\" sizes=\"auto, (min-width: 1200px) 360px, (min-width: 1024px) 300px, (min-width: 640px) 768px, 768px\" \/>      <\/a>\n    <\/figure>\n  \n  <div class=\"wp-block-group m-card-content is-vertical is-layout-flex wp-block-group-is-layout-flex\">\n            <h3 class=\"wp-block-heading\">\n          <a href=\"https:\/\/www.leeb-balkone.com\/ch\/leebcard\/\" class=\"no-default-link\">Leeb Card<\/a>\n        <\/h3>\n        <p>Als Leeb-Mitarbeiter kaufen Sie mit der Leeb Card verg\u00fcnstigt in vielen, regionalen Gesch\u00e4ften ein. Hier geht&#8217;s zu den Leeb-Partnerbetrieben.<\/p>\n          <a href=\"https:\/\/www.leeb-balkone.com\/ch\/leebcard\/\" class=\"more\">Leeb Card<\/a>\n      <\/div>\n<\/div>\n\n          <div class=\"wp-block-group m-card is-layout-flow wp-block-group-is-layout-flow\">\n      <figure data-imgid=\"127739\" class=\"wp-block-image size-large\">\n      <a href=\"https:\/\/www.leeb-balkone.com\/de\/lehre-bei-leeb\/\" class=\"no-default-link\">\n        <img decoding=\"async\" width=\"768\" height=\"573\" src=\"https:\/\/www.leeb-balkone.com\/app\/uploads\/2023\/05\/Pulverbeschichtung-lehre-2-768x573.jpg\" class=\"attachment-medium_large size-medium_large\" alt=\"Pulverbeschichtung lehre 2\" title=\"Deine Lehre bei Leeb\" loading=\"lazy\" srcset=\"https:\/\/www.leeb-balkone.com\/app\/uploads\/2023\/05\/Pulverbeschichtung-lehre-2-768x573.jpg 768w, https:\/\/www.leeb-balkone.com\/app\/uploads\/2023\/05\/Pulverbeschichtung-lehre-2-300x224.jpg 300w, https:\/\/www.leeb-balkone.com\/app\/uploads\/2023\/05\/Pulverbeschichtung-lehre-2-1024x765.jpg 1024w\" sizes=\"auto, (min-width: 1200px) 360px, (min-width: 1024px) 300px, (min-width: 640px) 768px, 768px\" \/>      <\/a>\n    <\/figure>\n  \n  <div class=\"wp-block-group m-card-content is-vertical is-layout-flex wp-block-group-is-layout-flex\">\n            <h3 class=\"wp-block-heading\">\n          <a href=\"https:\/\/www.leeb-balkone.com\/de\/lehre-bei-leeb\/\" class=\"no-default-link\">Deine Lehre bei Leeb<\/a>\n        <\/h3>\n        <p>Wir sind laufend auf der Suche nach neuen Talenten und erm\u00f6glichen Lehrlingen eine bestm\u00f6gliche und zukunftssichere Ausbildung.<\/p>\n          <a href=\"https:\/\/www.leeb-balkone.com\/de\/lehre-bei-leeb\/\" class=\"more\">mehr erfahren<\/a>\n      <\/div>\n<\/div>\n\n          <div class=\"wp-block-group m-card is-layout-flow wp-block-group-is-layout-flow\">\n      <figure data-imgid=\"127802\" class=\"wp-block-image size-large\">\n      <a href=\"https:\/\/www.leeb-balkone.com\/de\/karriere-bei-leeb\/\" class=\"no-default-link\">\n        <img decoding=\"async\" width=\"768\" height=\"609\" src=\"https:\/\/www.leeb-balkone.com\/app\/uploads\/2023\/05\/karriere-mit-leeb-768x609.jpg\" class=\"attachment-medium_large size-medium_large\" alt=\"karriere mit leeb\" title=\"Karriere bei Leeb\" loading=\"lazy\" srcset=\"https:\/\/www.leeb-balkone.com\/app\/uploads\/2023\/05\/karriere-mit-leeb-768x609.jpg 768w, https:\/\/www.leeb-balkone.com\/app\/uploads\/2023\/05\/karriere-mit-leeb-300x238.jpg 300w, https:\/\/www.leeb-balkone.com\/app\/uploads\/2023\/05\/karriere-mit-leeb-1024x812.jpg 1024w, https:\/\/www.leeb-balkone.com\/app\/uploads\/2023\/05\/karriere-mit-leeb-1536x1218.jpg 1536w, https:\/\/www.leeb-balkone.com\/app\/uploads\/2023\/05\/karriere-mit-leeb-2048x1624.jpg 2048w\" sizes=\"auto, (min-width: 1200px) 360px, (min-width: 1024px) 300px, (min-width: 640px) 768px, 768px\" \/>      <\/a>\n    <\/figure>\n  \n  <div class=\"wp-block-group m-card-content is-vertical is-layout-flex wp-block-group-is-layout-flex\">\n            <h3 class=\"wp-block-heading\">\n          <a href=\"https:\/\/www.leeb-balkone.com\/de\/karriere-bei-leeb\/\" class=\"no-default-link\">Karriere bei Leeb<\/a>\n        <\/h3>\n        <p>Seit \u00fcber 60 Jahren f\u00f6rdert Leeb Balkone Karriere. Heute machen rund 200 Mitarbeiter am K\u00e4rntner Standort Leeb zu Europas f\u00fchrendem Balkonhersteller.<\/p>\n          <a href=\"https:\/\/www.leeb-balkone.com\/de\/karriere-bei-leeb\/\" class=\"more\">Karriere bei Leeb<\/a>\n      <\/div>\n<\/div>\n\n      \n<\/div>\n<\/div><\/div><\/div><\/div>\n<\/section>\n\n\n\n<section class=\"wp-block-cgb-t3-section-block alignfull b-pt-none\" style=\"display:inherit;background-color:#F5F5F5;min-height:inherit\">\n<div class=\"wp-block-cgb-t3-container-block b-has-offset-h\" style=\"background-color:none\"><div class=\"grid-container\"><div class=\"grid-x\"><div class=\"cell small-12 medium-6 large-0 medium-offset-1\">\n<h2 class=\"wp-block-heading\" id=\"kontakt\">Kontakt<\/h2>\n<\/div><\/div><\/div><\/div>\n\n\n\n<div class=\"wp-block-cgb-t3-container-block none\" style=\"background-color:none\"><div class=\"grid-container\"><div class=\"grid-x\"><div class=\"cell small-12 medium-8 large-0 medium-offset-2 b-has-pt\"><div class=\"c-person grid-x grid-margin-x\">\n  <div class=\"c-person__img cell small-12 medium-6\">\n      <div class=\"c-person__img-wrapper\">\n        \n          <img loading=\"lazy\" decoding=\"async\" src=\"https:\/\/www.leeb-balkone.com\/app\/uploads\/2020\/09\/Cornelia-Ortner-2.jpg\" class=\"h-rounded-img\" alt=\"Cornelia Ortner 2\" width=\"640\" height=\"432\" \/>\n        \n      <\/div>\n  <\/div>\n  <div class=\"c-person__txt cell small-12 medium-6\">\n    <div class=\"c-person__txt-wrapper h-lc-no-mb\">\n              <h3>\n                    Cornelia Ortner\n        <\/h3>\n                  <small>Personalmanagement &#8211; Personalverrechnung<\/small>\n                      \n              <p><p>Ich freue mich auf Ihre Bewerbung!<\/p>\n<\/p>\n      \n              \n                  <a href=\"#\" class=\"esend button primary\" data-esend=\"bewerbung\" data-etld=\"at\" data-edname=\"leeb\">Email senden<\/a>\n                        <\/div>\n  <\/div>\n<\/div>\n<\/div><\/div><\/div><\/div>\n\n\n\n<div class=\"wp-block-cgb-t3-container-block none\" style=\"background-color:none\"><div class=\"grid-container\"><div class=\"grid-x\"><div class=\"cell small-12 medium-8 large-0 medium-offset-2 b-has-pt\"><div class=\"c-person grid-x grid-margin-x\">\n  <div class=\"c-person__img cell small-12 medium-6\">\n      <div class=\"c-person__img-wrapper\">\n        \n          <img loading=\"lazy\" decoding=\"async\" src=\"https:\/\/www.leeb-balkone.com\/app\/uploads\/2022\/04\/Julia-Portrait-1-scaled.jpg\" class=\"h-rounded-img\" alt=\"Julia Portrait 1\" width=\"640\" height=\"432\" \/>\n        \n      <\/div>\n  <\/div>\n  <div class=\"c-person__txt cell small-12 medium-6\">\n    <div class=\"c-person__txt-wrapper h-lc-no-mb\">\n              <h3>\n                    Julia Krenn\n        <\/h3>\n                  <small>HR Management<\/small>\n                      \n              <p><p>Ich freue mich auf Ihre Bewerbung!<\/p>\n<\/p>\n      \n              \n                  <a href=\"#\" class=\"esend button primary\" data-esend=\"bewerbung\" data-etld=\"at\" data-edname=\"leeb\">Email senden<\/a>\n                        <\/div>\n  <\/div>\n<\/div>\n<\/div><\/div><\/div><\/div>\n<\/section>\n","protected":false},"excerpt":{"rendered":"","protected":false},"author":1,"featured_media":0,"parent":0,"menu_order":3,"comment_status":"closed","ping_status":"closed","template":"template-onepager.blade.php","meta":{"_acf_changed":false,"footnotes":"","_sage_theme_css":true,"_wp_block_core_css":false},"folder":[],"class_list":["post-19564","page","type-page","status-publish","hentry"],"acf":[],"yoast_head":"<!-- This site is optimized with the Yoast SEO plugin v27.2 - https:\/\/yoast.com\/product\/yoast-seo-wordpress\/ -->\n<title>Leeb Inside - Leeb Balkone Schweiz<\/title>\n<meta name=\"description\" content=\"Wir besch\u00e4ftigen an den Standorten Gnesau und Krumpendorf \u00fcber 230 Mitarbeiterinnen und Mitarbeiter. Dabei wird gro\u00dfer Wert auf ein gutes Betriebsklima\" \/>\n<meta name=\"robots\" content=\"index, follow, max-snippet:-1, max-image-preview:large, max-video-preview:-1\" \/>\n<meta property=\"og:locale\" content=\"de_DE\" \/>\n<meta property=\"og:type\" content=\"article\" \/>\n<meta property=\"og:title\" content=\"Leeb Inside - Leeb Balkone\" \/>\n<meta property=\"og:description\" content=\"Wir besch\u00e4ftigen an den Standorten Gnesau und Krumpendorf \u00fcber 230 Mitarbeiterinnen und Mitarbeiter. Dabei wird gro\u00dfer Wert auf ein gutes Betriebsklima\" \/>\n<meta property=\"og:url\" content=\"https:\/\/www.leeb-balkone.com\/ch\/leeb-inside\/\" \/>\n<meta property=\"og:site_name\" content=\"Leeb Balkone\" \/>\n<meta property=\"article:publisher\" content=\"https:\/\/www.facebook.com\/balkone\/\" \/>\n<meta property=\"article:modified_time\" content=\"2026-01-15T18:52:55+00:00\" \/>\n<meta property=\"og:image\" content=\"https:\/\/www.leeb-balkone.com\/app\/uploads\/2020\/09\/alu-balkongelaender-zufriedene-kunden-1.jpg\" \/>\n\t<meta property=\"og:image:width\" content=\"2560\" \/>\n\t<meta property=\"og:image:height\" content=\"1762\" \/>\n\t<meta property=\"og:image:type\" content=\"image\/jpeg\" \/>\n<meta name=\"twitter:card\" content=\"summary_large_image\" \/>\n<script type=\"application\/ld+json\" class=\"yoast-schema-graph\">{\"@context\":\"https:\/\/schema.org\",\"@graph\":[{\"@type\":\"WebPage\",\"@id\":\"https:\/\/www.leeb-balkone.com\/ch\/leeb-inside\/\",\"url\":\"https:\/\/www.leeb-balkone.com\/ch\/leeb-inside\/\",\"name\":\"Leeb Inside - Leeb Balkone\",\"isPartOf\":{\"@id\":\"https:\/\/www.leeb-balkone.com\/ch\/#website\"},\"datePublished\":\"2020-09-17T09:27:19+00:00\",\"dateModified\":\"2026-01-15T18:52:55+00:00\",\"description\":\"Wir besch\u00e4ftigen an den Standorten Gnesau und Krumpendorf \u00fcber 230 Mitarbeiterinnen und Mitarbeiter. Dabei wird gro\u00dfer Wert auf ein gutes Betriebsklima\",\"breadcrumb\":{\"@id\":\"https:\/\/www.leeb-balkone.com\/ch\/leeb-inside\/#breadcrumb\"},\"inLanguage\":\"de-CH\",\"potentialAction\":[{\"@type\":\"ReadAction\",\"target\":[\"https:\/\/www.leeb-balkone.com\/ch\/leeb-inside\/\"]}]},{\"@type\":\"BreadcrumbList\",\"@id\":\"https:\/\/www.leeb-balkone.com\/ch\/leeb-inside\/#breadcrumb\",\"itemListElement\":[{\"@type\":\"ListItem\",\"position\":1,\"name\":\"Home\",\"item\":\"https:\/\/www.leeb-balkone.com\/ch\/\"},{\"@type\":\"ListItem\",\"position\":2,\"name\":\"Leeb Inside\"}]},{\"@type\":\"WebSite\",\"@id\":\"https:\/\/www.leeb-balkone.com\/ch\/#website\",\"url\":\"https:\/\/www.leeb-balkone.com\/ch\/\",\"name\":\"Leeb Balkone\",\"description\":\"Balkone und Z\u00e4une\",\"publisher\":{\"@id\":\"https:\/\/www.leeb-balkone.com\/ch\/#organization\"},\"potentialAction\":[{\"@type\":\"SearchAction\",\"target\":{\"@type\":\"EntryPoint\",\"urlTemplate\":\"https:\/\/www.leeb-balkone.com\/ch\/?s={search_term_string}\"},\"query-input\":{\"@type\":\"PropertyValueSpecification\",\"valueRequired\":true,\"valueName\":\"search_term_string\"}}],\"inLanguage\":\"de-CH\"},{\"@type\":\"Organization\",\"@id\":\"https:\/\/www.leeb-balkone.com\/ch\/#organization\",\"name\":\"Leeb Balkone Gmbh\",\"url\":\"https:\/\/www.leeb-balkone.com\/ch\/\",\"logo\":{\"@type\":\"ImageObject\",\"inLanguage\":\"de-CH\",\"@id\":\"https:\/\/www.leeb-balkone.com\/ch\/#\/schema\/logo\/image\/\",\"url\":\"https:\/\/www.leeb-balkone.com\/app\/uploads\/2020\/11\/leeb-logo.svg\",\"contentUrl\":\"https:\/\/www.leeb-balkone.com\/app\/uploads\/2020\/11\/leeb-logo.svg\",\"width\":741,\"height\":204,\"caption\":\"Leeb Balkone Gmbh\"},\"image\":{\"@id\":\"https:\/\/www.leeb-balkone.com\/ch\/#\/schema\/logo\/image\/\"},\"sameAs\":[\"https:\/\/www.facebook.com\/balkone\/\",\"https:\/\/www.trustedshops.at\/bewertung\/info_X4587CCF5833E31AFE0B11F47D86999F2.html\",\"https:\/\/www.trustedshops.de\/bewertung\/info_X7BA536A7A0BDC86D36C4718E4DCAEEEF.html\",\"https:\/\/www.google.com\/maps\/place\/?q=place_id:ChIJ5-zH19-IcEcR9HonWRTllHI\"]}]}<\/script>\n<!-- \/ Yoast SEO plugin. -->","yoast_head_json":{"title":"Leeb Inside - Leeb Balkone Schweiz","description":"Wir besch\u00e4ftigen an den Standorten Gnesau und Krumpendorf \u00fcber 230 Mitarbeiterinnen und Mitarbeiter. Dabei wird gro\u00dfer Wert auf ein gutes Betriebsklima","robots":{"index":"index","follow":"follow","max-snippet":"max-snippet:-1","max-image-preview":"max-image-preview:large","max-video-preview":"max-video-preview:-1"},"og_locale":"de_DE","og_type":"article","og_title":"Leeb Inside - Leeb Balkone","og_description":"Wir besch\u00e4ftigen an den Standorten Gnesau und Krumpendorf \u00fcber 230 Mitarbeiterinnen und Mitarbeiter. Dabei wird gro\u00dfer Wert auf ein gutes Betriebsklima","og_url":"https:\/\/www.leeb-balkone.com\/ch\/leeb-inside\/","og_site_name":"Leeb Balkone","article_publisher":"https:\/\/www.facebook.com\/balkone\/","article_modified_time":"2026-01-15T18:52:55+00:00","og_image":[{"width":2560,"height":1762,"url":"https:\/\/www.leeb-balkone.com\/app\/uploads\/2020\/09\/alu-balkongelaender-zufriedene-kunden-1.jpg","type":"image\/jpeg"}],"twitter_card":"summary_large_image","schema":{"@context":"https:\/\/schema.org","@graph":[{"@type":"WebPage","@id":"https:\/\/www.leeb-balkone.com\/ch\/leeb-inside\/","url":"https:\/\/www.leeb-balkone.com\/ch\/leeb-inside\/","name":"Leeb Inside - Leeb Balkone","isPartOf":{"@id":"https:\/\/www.leeb-balkone.com\/ch\/#website"},"datePublished":"2020-09-17T09:27:19+00:00","dateModified":"2026-01-15T18:52:55+00:00","description":"Wir besch\u00e4ftigen an den Standorten Gnesau und Krumpendorf \u00fcber 230 Mitarbeiterinnen und Mitarbeiter. Dabei wird gro\u00dfer Wert auf ein gutes Betriebsklima","breadcrumb":{"@id":"https:\/\/www.leeb-balkone.com\/ch\/leeb-inside\/#breadcrumb"},"inLanguage":"de-CH","potentialAction":[{"@type":"ReadAction","target":["https:\/\/www.leeb-balkone.com\/ch\/leeb-inside\/"]}]},{"@type":"BreadcrumbList","@id":"https:\/\/www.leeb-balkone.com\/ch\/leeb-inside\/#breadcrumb","itemListElement":[{"@type":"ListItem","position":1,"name":"Home","item":"https:\/\/www.leeb-balkone.com\/ch\/"},{"@type":"ListItem","position":2,"name":"Leeb Inside"}]},{"@type":"WebSite","@id":"https:\/\/www.leeb-balkone.com\/ch\/#website","url":"https:\/\/www.leeb-balkone.com\/ch\/","name":"Leeb Balkone","description":"Balkone und Z\u00e4une","publisher":{"@id":"https:\/\/www.leeb-balkone.com\/ch\/#organization"},"potentialAction":[{"@type":"SearchAction","target":{"@type":"EntryPoint","urlTemplate":"https:\/\/www.leeb-balkone.com\/ch\/?s={search_term_string}"},"query-input":{"@type":"PropertyValueSpecification","valueRequired":true,"valueName":"search_term_string"}}],"inLanguage":"de-CH"},{"@type":"Organization","@id":"https:\/\/www.leeb-balkone.com\/ch\/#organization","name":"Leeb Balkone Gmbh","url":"https:\/\/www.leeb-balkone.com\/ch\/","logo":{"@type":"ImageObject","inLanguage":"de-CH","@id":"https:\/\/www.leeb-balkone.com\/ch\/#\/schema\/logo\/image\/","url":"https:\/\/www.leeb-balkone.com\/app\/uploads\/2020\/11\/leeb-logo.svg","contentUrl":"https:\/\/www.leeb-balkone.com\/app\/uploads\/2020\/11\/leeb-logo.svg","width":741,"height":204,"caption":"Leeb Balkone Gmbh"},"image":{"@id":"https:\/\/www.leeb-balkone.com\/ch\/#\/schema\/logo\/image\/"},"sameAs":["https:\/\/www.facebook.com\/balkone\/","https:\/\/www.trustedshops.at\/bewertung\/info_X4587CCF5833E31AFE0B11F47D86999F2.html","https:\/\/www.trustedshops.de\/bewertung\/info_X7BA536A7A0BDC86D36C4718E4DCAEEEF.html","https:\/\/www.google.com\/maps\/place\/?q=place_id:ChIJ5-zH19-IcEcR9HonWRTllHI"]}]}},"_links":{"self":[{"href":"https:\/\/www.leeb-balkone.com\/ch\/wp-json\/wp\/v2\/pages\/19564","targetHints":{"allow":["GET"]}}],"collection":[{"href":"https:\/\/www.leeb-balkone.com\/ch\/wp-json\/wp\/v2\/pages"}],"about":[{"href":"https:\/\/www.leeb-balkone.com\/ch\/wp-json\/wp\/v2\/types\/page"}],"author":[{"embeddable":true,"href":"https:\/\/www.leeb-balkone.com\/ch\/wp-json\/wp\/v2\/users\/1"}],"replies":[{"embeddable":true,"href":"https:\/\/www.leeb-balkone.com\/ch\/wp-json\/wp\/v2\/comments?post=19564"}],"version-history":[{"count":2,"href":"https:\/\/www.leeb-balkone.com\/ch\/wp-json\/wp\/v2\/pages\/19564\/revisions"}],"predecessor-version":[{"id":162950,"href":"https:\/\/www.leeb-balkone.com\/ch\/wp-json\/wp\/v2\/pages\/19564\/revisions\/162950"}],"wp:attachment":[{"href":"https:\/\/www.leeb-balkone.com\/ch\/wp-json\/wp\/v2\/media?parent=19564"}],"wp:term":[{"taxonomy":"folder","embeddable":true,"href":"https:\/\/www.leeb-balkone.com\/ch\/wp-json\/wp\/v2\/folder?post=19564"}],"curies":[{"name":"wp","href":"https:\/\/api.w.org\/{rel}","templated":true}]}}