{"id":13151,"date":"2020-08-27T19:01:40","date_gmt":"2020-08-27T19:01:40","guid":{"rendered":"https:\/\/www.leeb-balkone.com\/de\/planungsservice\/"},"modified":"2026-02-04T13:41:29","modified_gmt":"2026-02-04T13:41:29","slug":"planungsservice","status":"publish","type":"page","link":"https:\/\/www.leeb-balkone.com\/at\/service\/planungsservice\/","title":{"rendered":"Planungsservice"},"content":{"rendered":"<header data-block_acf-block-69834c7de4781 class=\"c-fh  l-mh-small c-fh--hero c-grad-l2r c-fh--div none\">\n      <img loading=\"lazy\" decoding=\"async\" width=\"1920\" height=\"600\" src=\"https:\/\/www.leeb-balkone.com\/app\/uploads\/2020\/09\/balkon-alu-header.jpg\" class=\"no-lazy\" alt=\"Alu-Balkongel\u00e4nder mit Glaselementen auf Steinmauer\" srcset=\"https:\/\/www.leeb-balkone.com\/app\/uploads\/2020\/09\/balkon-alu-header-300x94.jpg 300w, https:\/\/www.leeb-balkone.com\/app\/uploads\/2020\/09\/balkon-alu-header-1024x320.jpg 1024w, https:\/\/www.leeb-balkone.com\/app\/uploads\/2020\/09\/balkon-alu-header-768x240.jpg 768w, https:\/\/www.leeb-balkone.com\/app\/uploads\/2020\/09\/balkon-alu-header-1536x480.jpg 1536w\" sizes=\"auto, (min-width: 1536px) 2048px, (min-width: 992px) 1536px, (min-width: 768px) 1024px, (min-width: 576px) 768px, 100vw\" \/>\n\n\n<div class=\"grid-container\">\n  <div class=\"grid-x\">\n    <div class=\"cell small-12 medium-6 medium-offset-1\">\n      <div class=\"c-fh__wrapper\">\n                              <p>Ihr pers\u00f6nlicher Balkonberater<\/p>\n                        <\/div>\n    <\/div>\n  <\/div>\n<\/div>\n  \n    \n    <\/header>\n\n\n  \n  <section class=\"wp-block-group alignfull t3-header u-max-wide t3-header-text has-white-background-color has-background has-global-padding is-layout-constrained wp-block-group-is-layout-constrained\">\n    <div class=\"wp-block-group o-grid u-md-1 u-sm-1 is-layout-flow wp-block-group-is-layout-flow\">\n  <div class=\"wp-block-group u-g-10 u-g-s-2\">\n      <div class=\"yoast-breadcrumbs\"><span><span><a href=\"https:\/\/www.leeb-balkone.com\/at\/\">Home<\/a><\/span><\/span><\/div>\n      \n    <h1>Planungsservice<\/h1>\n  <\/div>\n<\/div>\n  <\/section>\n\n\n\n\n\n\n<section id=\"first-section\" class=\"wp-block-cgb-t3-section-block alignfull b-pt-small b-pb-none is-style-bg-transparent\" style=\"display:inherit;min-height:inherit\">\n<div class=\"wp-block-cgb-t3-container-block none\" style=\"background-color:none\"><div class=\"grid-container\"><div class=\"grid-x\"><div class=\"cell small-12 medium-9 large-0 medium-offset-1 b-has-lsmb\">\n<p><span class=\"teaser\">Service und Beratung sind bei Leeb selbstverst\u00e4ndlich. Da jeder Balkon, Zaun und jede \u00dcberdachung entsprechend Ihren Vorstellungen individuell und genau an die \u00f6rtliche Gegebenheit angepasst wird, ist ein Beratungsgespr\u00e4ch jedenfalls empfehlenswert. Gerne vereinbaren wir einen unverbindlichen und kostenlosen Beratungstermin vor Ort mit einem unserer Leeb-Partner.<\/span><\/p>\n\n\n\n<p>Ihre pers\u00f6nliche Beratung l\u00f6st alle Stilfragen und hilft Ihnen bei der Entscheidung zu Ihrem Wunschmodell. Mit dem <a href=\"https:\/\/www.leeb-balkone.com\/at\/service\/3d-konfigurator\/\">Leeb-3D-Konfigurator<\/a> suchen Sie bequem vor Ort Ihr Wunschmodell aus und k\u00f6nnen in einer 3D-Ansicht Ihres Eigenheims unterschiedliche Modelle und Farbkombinationen ausprobieren.<\/p>\n\n\n\n<p>Hat man sich f\u00fcr ein Modell entschieden, misst ein Aufma\u00dftechniker vor Ort alle L\u00e4ngen, Abst\u00e4nde, Winkel und Gef\u00e4lle. Diese Infos werden daraufhin an unsere technischen Zeichner \u00fcbermittelt, die einen Plan erstellen, der genau an die \u00f6rtlichen Gegebenheiten angepasst ist.<\/p>\n\n\n\n<p>\u00dcber 100 Vertriebspartner und Balkonberater in \u00d6sterreich, Deutschland, Italien, der Schweiz, Frankreich und Slowenien helfen Ihnen gerne dabei, den idealen Balkon oder Zaun f\u00fcr Ihr Haus zu finden.<\/p>\n<\/div><\/div><\/div><\/div>\n\n\n\n<p><\/p>\n<\/section>\n\n\n\n<section class=\"wp-block-cgb-t3-section-block alignfull b-pt-small  is-style-bg-white\" style=\"display:inherit;min-height:inherit\"><div class=\"b-sps l-mbl\" id=\"\">\n    <div class=\"grid-container\">\n      <div class=\"grid-x\">\n              <div class=\"cell b-sps__bgimg lazyload bgx-center bgy-center small-12 medium-6 small-order-1 medium-order-1\">\n          \n            <img loading=\"lazy\" decoding=\"async\" width=\"1024\" height=\"680\" src=\"https:\/\/www.leeb-balkone.com\/app\/uploads\/2021\/01\/perfekter-planungsservice-leeb-balkone-1024x680.jpg\" class=\"attachment-large size-large\" alt=\"Balkon, Zaun, Terrassen\u00fcberdachung planen - Beratungsgespr\u00e4ch mit dem Balkonprofi von Leeb Balkone (Planungsservice)\" srcset=\"https:\/\/www.leeb-balkone.com\/app\/uploads\/2021\/01\/perfekter-planungsservice-leeb-balkone-1024x680.jpg 1024w, https:\/\/www.leeb-balkone.com\/app\/uploads\/2021\/01\/perfekter-planungsservice-leeb-balkone-300x199.jpg 300w, https:\/\/www.leeb-balkone.com\/app\/uploads\/2021\/01\/perfekter-planungsservice-leeb-balkone-768x510.jpg 768w, https:\/\/www.leeb-balkone.com\/app\/uploads\/2021\/01\/perfekter-planungsservice-leeb-balkone-1536x1020.jpg 1536w, https:\/\/www.leeb-balkone.com\/app\/uploads\/2021\/01\/perfekter-planungsservice-leeb-balkone-2048x1360.jpg 2048w\" sizes=\"auto, (min-width: 1200px) 1024px, (min-width: 1024px) 768px, (min-width: 640px) 768px, 768px\" \/>        <\/div>\n            <div class=\"cell b-sps__cont  small-12 medium-6 small-order-2 medium-order-2 bg--lightgray\">\n        <div class=\"b-sps__inner-cont  pdd\">\n          <h3>Machen Sie sich selbst ein Bild<\/h3>\n<p>In rund f\u00fcnfzig st\u00e4ndigen Ausstellungen k\u00f6nnen Sie einen repr\u00e4sentativen Querschnitt aus unserem Programm besichtigen und sich pers\u00f6nlich von den Leeb-Vorteilen \u00fcberzeugen.<\/p>\n<p>Eine \u00dcbersicht der Leeb-Standorte finden Sie <a href=\"https:\/\/www.leeb-balkone.com\/de\/vertriebspartner\/\">hier<\/a>. Ihre unverbindliche Anfrage leiten wir umgehend an den Leeb-Balkonberater in Ihrer Umgebung weiter.<\/p>\n\n        <\/div>\n      <\/div>\n    <\/div>\n    <\/div>\n  <\/div>\n\n\n\n<div class=\"wp-block-cgb-t3-container-block none b-cont-columns\" style=\"background-color:none\"><div class=\"grid-container\"><div class=\"grid-x\"><div class=\"cell small-12 medium-10 large-0 medium-offset-1 b-has-pt\">\n<h2 class=\"wp-block-heading\">Vorteile<br><\/h2>\n\n\n\n<ul class=\"wp-block-list is-style-bullet-checkmarks\">\n<li>Balkon, Zaun und \u00dcberdachung von Europas Nummer 1<\/li>\n\n\n\n<li>Leeb Standorte &#8211; \u00fcber 80 Vertriebspartner und Balkonberater<\/li>\n\n\n\n<li>Leeb-Programm besichtigen &#8211; f\u00fcnfzig st\u00e4ndige Ausstellungen<\/li>\n\n\n\n<li>Beratungstermin vor Ort &#8211; unverbindlich und kostenlos<\/li>\n<\/ul>\n<\/div><\/div><\/div><\/div>\n<\/section>\n\n\n\n<section class=\"wp-block-group alignfull has-white-background-color has-background has-global-padding is-layout-constrained wp-container-core-group-is-layout-9fa1424c wp-block-group-is-layout-constrained\" style=\"padding-top:0\">\n<div class=\"wp-block-columns is-style-offset m-split is-layout-flex wp-container-core-columns-is-layout-28f84493 wp-block-columns-is-layout-flex\">\n<div class=\"wp-block-column is-layout-flow wp-block-column-is-layout-flow\"><div class=\"vp-map-wrapper vp-map-ratio-19-1\"><img decoding=\"async\" width=\"1900\" height=\"1024\" src=\"https:\/\/www.leeb-balkone.com\/app\/uploads\/2026\/03\/map-at-1.jpg\" class=\"attachment-full size-full\" alt=\"\u00d6sterreichische Map: Vertriebspartner (orange Pins) und Schaur\u00e4ume \/ Standorte (gr\u00fcne Pins) der Leeb Balkone GmbH in \u00d6sterreich\" style=\"width:100%;height:100%;object-fit:cover;display:block;\" loading=\"lazy\" srcset=\"https:\/\/www.leeb-balkone.com\/app\/uploads\/2026\/03\/map-at-1.jpg 1900w, https:\/\/www.leeb-balkone.com\/app\/uploads\/2026\/03\/map-at-1-300x162.jpg 300w, https:\/\/www.leeb-balkone.com\/app\/uploads\/2026\/03\/map-at-1-1024x552.jpg 1024w, https:\/\/www.leeb-balkone.com\/app\/uploads\/2026\/03\/map-at-1-768x414.jpg 768w, https:\/\/www.leeb-balkone.com\/app\/uploads\/2026\/03\/map-at-1-1536x828.jpg 1536w\" sizes=\"auto, (min-width: 1536px) 2048px, (min-width: 992px) 1536px, (min-width: 768px) 1024px, (min-width: 576px) 768px, 100vw\" \/><\/div>\n<\/div>\n\n\n\n<div class=\"wp-block-column is-vertically-aligned-center is-style-overlay-content is-layout-flow wp-block-column-is-layout-flow\">\n<div class=\"wp-block-group is-vertical is-layout-flex wp-container-core-group-is-layout-bd7877ba wp-block-group-is-layout-flex\">\n<h2 class=\"wp-block-heading has-step-2-font-size\">Vertriebspartner \u00d6sterreich<\/h2>\n\n\n\n<p>Kompetente LEEB Partner in Ihrer Region. Pers\u00f6nliche Beratung, pr\u00e4zise Planung und fachgerechte Montage \u2013 \u00f6sterreichweit.<\/p>\n\n\n\n<div class=\"wp-block-buttons is-layout-flex wp-block-buttons-is-layout-flex\" style=\"margin-top:var(--wp--preset--spacing--2-xs)\">\n<div class=\"wp-block-button is-style-cta\"><a class=\"wp-block-button__link has-transparent-background-color has-background wp-element-button\" href=\"https:\/\/www.leeb-balkone.com\/at\/vertriebspartner\/\">Vertriebspartner finden<span class=\"sr-only\">Vertriebspartner Leeb Balkone \u00d6sterreich<\/span><\/a><\/div>\n<\/div>\n<\/div>\n<\/div>\n<\/div>\n<\/section>\n\n\n\n<section class=\"wp-block-group alignfull has-light-gray-background-color has-background has-global-padding is-layout-constrained wp-container-core-group-is-layout-52f96efc wp-block-group-is-layout-constrained\" id=\"beratungstermin\">\n<div class=\"wp-block-group m-teaser o-grid u-md-1 is-layout-flow wp-block-group-is-layout-flow\">\n<div class=\"wp-block-group u-g-7 u-g-s-2 is-layout-flow wp-block-group-is-layout-flow\" style=\"margin-bottom:var(--wp--preset--spacing--s)\">\n<h2 class=\"wp-block-heading\">Kontaktieren Sie uns<\/h2>\n\n\n\n<p><strong><strong>Sie planen ein Projekt oder haben Fragen zu uns und unseren L\u00f6sungen? Schreiben Sie uns einfach &#8211; wir nehmen uns gerne Zeit f\u00fcr Ihr Anliegen!<\/strong><\/strong><\/p>\n<\/div>\n<\/div>\n\n\n\n<div class=\"wp-block-group m-teaser o-grid u-md-1 is-layout-flow wp-block-group-is-layout-flow\">\n<div class=\"wp-block-group u-g-7 u-g-s-2 is-layout-flow wp-block-group-is-layout-flow\" style=\"margin-bottom:var(--wp--preset--spacing--s)\"><form action=\"https:\/\/www.leeb-balkone.com\/at\/wp-json\/ws-form\/v1\/submit\" class=\"wsf-form wsf-form-canvas\" id=\"ws-form-1\" data-id=\"4\" data-instance-id=\"1\" method=\"POST\"><\/form>\n<\/div>\n\n\n\n<div class=\"wp-block-group u-g-3 u-g-s-9 is-layout-flow wp-block-group-is-layout-flow\"><div class=\"t3-sidebar-buttons wp-block-buttons is-layout-flex wp-block-buttons-is-layout-flex\"><div class=\"wp-block-button is-style-fill icon-book icon-left\">\n                        <a class=\"wp-block-button__link has-secondary-color has-white-background-color has-text-color has-background has-link-color wp-element-button\" href=\"https:\/\/www.leeb-balkone.com\/at\/kontakt\/katalog-anfordern\/\" style=\"box-shadow:var(--wp--preset--shadow--box-shadow)\">Katalog anfordern<\/a>\n                    <\/div><div class=\"wp-block-button is-style-fill icon-phone-new icon-left\">\n                        <a class=\"wp-block-button__link has-secondary-color has-white-background-color has-text-color has-background has-link-color wp-element-button\" href=\"tel:0800202013\">Hotline \u00d6sterreich <span class=\"sr-only\"> Hotline: 0800 202013 (\u00d6sterreichweit kostenlos)<\/span><\/a>\n                    <\/div><\/div>\n<\/div>\n<\/div>\n<\/section>\n","protected":false},"excerpt":{"rendered":"","protected":false},"author":1,"featured_media":0,"parent":17325,"menu_order":8,"comment_status":"closed","ping_status":"closed","template":"template-onepager.blade.php","meta":{"_acf_changed":false,"footnotes":"","_sage_theme_css":true,"_wp_block_core_css":false},"folder":[257],"class_list":["post-13151","page","type-page","status-publish","hentry"],"acf":[],"yoast_head":"<!-- This site is optimized with the Yoast SEO plugin v27.2 - https:\/\/yoast.com\/product\/yoast-seo-wordpress\/ -->\n<title>Planungsservice: Balkon, Zaun &amp; \u00dcberdachung planen - Leeb Balkone \u00d6sterreich<\/title>\n<meta name=\"description\" content=\"Individuelle Planung \u2713 Pers\u00f6nliche Beratung \u2713 3D-Konfigurator &amp; Aufma\u00df \u2713 Ma\u00dfgeschneiderte L\u00f6sungen *** Planungsservice von Leeb!\" \/>\n<meta name=\"robots\" content=\"index, follow, max-snippet:-1, max-image-preview:large, max-video-preview:-1\" \/>\n<meta property=\"og:locale\" content=\"de_DE\" \/>\n<meta property=\"og:type\" content=\"article\" \/>\n<meta property=\"og:title\" content=\"Planungsservice: Balkon, Zaun &amp; \u00dcberdachung planen - Leeb Balkone\" \/>\n<meta property=\"og:description\" content=\"Individuelle Planung \u2713 Pers\u00f6nliche Beratung \u2713 3D-Konfigurator &amp; Aufma\u00df \u2713 Ma\u00dfgeschneiderte L\u00f6sungen *** Planungsservice von Leeb!\" \/>\n<meta property=\"og:url\" content=\"https:\/\/www.leeb-balkone.com\/at\/service\/planungsservice\/\" \/>\n<meta property=\"og:site_name\" content=\"Leeb Balkone\" \/>\n<meta property=\"article:publisher\" content=\"https:\/\/www.facebook.com\/balkone\/\" \/>\n<meta property=\"article:modified_time\" content=\"2026-02-04T13:41:29+00:00\" \/>\n<meta property=\"og:image\" content=\"https:\/\/www.leeb-balkone.com\/app\/uploads\/2020\/09\/alu-balkongelaender-zufriedene-kunden-1.jpg\" \/>\n\t<meta property=\"og:image:width\" content=\"2560\" \/>\n\t<meta property=\"og:image:height\" content=\"1762\" \/>\n\t<meta property=\"og:image:type\" content=\"image\/jpeg\" \/>\n<meta name=\"twitter:card\" content=\"summary_large_image\" \/>\n<script type=\"application\/ld+json\" class=\"yoast-schema-graph\">{\"@context\":\"https:\/\/schema.org\",\"@graph\":[{\"@type\":\"WebPage\",\"@id\":\"https:\/\/www.leeb-balkone.com\/at\/service\/planungsservice\/\",\"url\":\"https:\/\/www.leeb-balkone.com\/at\/service\/planungsservice\/\",\"name\":\"Planungsservice: Balkon, Zaun & \u00dcberdachung planen - Leeb Balkone\",\"isPartOf\":{\"@id\":\"https:\/\/www.leeb-balkone.com\/at\/#website\"},\"datePublished\":\"2020-08-27T19:01:40+00:00\",\"dateModified\":\"2026-02-04T13:41:29+00:00\",\"description\":\"Individuelle Planung \u2713 Pers\u00f6nliche Beratung \u2713 3D-Konfigurator & Aufma\u00df \u2713 Ma\u00dfgeschneiderte L\u00f6sungen *** Planungsservice von Leeb!\",\"breadcrumb\":{\"@id\":\"https:\/\/www.leeb-balkone.com\/at\/service\/planungsservice\/#breadcrumb\"},\"inLanguage\":\"de-AT\",\"potentialAction\":[{\"@type\":\"ReadAction\",\"target\":[\"https:\/\/www.leeb-balkone.com\/at\/service\/planungsservice\/\"]}]},{\"@type\":\"BreadcrumbList\",\"@id\":\"https:\/\/www.leeb-balkone.com\/at\/service\/planungsservice\/#breadcrumb\",\"itemListElement\":[{\"@type\":\"ListItem\",\"position\":1,\"name\":\"Home\",\"item\":\"https:\/\/www.leeb-balkone.com\/at\/\"},{\"@type\":\"ListItem\",\"position\":2,\"name\":\"Service\",\"item\":\"https:\/\/www.leeb-balkone.com\/at\/service\/\"},{\"@type\":\"ListItem\",\"position\":3,\"name\":\"Planungsservice\"}]},{\"@type\":\"WebSite\",\"@id\":\"https:\/\/www.leeb-balkone.com\/at\/#website\",\"url\":\"https:\/\/www.leeb-balkone.com\/at\/\",\"name\":\"Leeb Balkone\",\"description\":\"Balkone und Z\u00e4une\",\"publisher\":{\"@id\":\"https:\/\/www.leeb-balkone.com\/at\/#organization\"},\"potentialAction\":[{\"@type\":\"SearchAction\",\"target\":{\"@type\":\"EntryPoint\",\"urlTemplate\":\"https:\/\/www.leeb-balkone.com\/at\/?s={search_term_string}\"},\"query-input\":{\"@type\":\"PropertyValueSpecification\",\"valueRequired\":true,\"valueName\":\"search_term_string\"}}],\"inLanguage\":\"de-AT\"},{\"@type\":\"Organization\",\"@id\":\"https:\/\/www.leeb-balkone.com\/at\/#organization\",\"name\":\"Leeb Balkone Gmbh\",\"url\":\"https:\/\/www.leeb-balkone.com\/at\/\",\"logo\":{\"@type\":\"ImageObject\",\"inLanguage\":\"de-AT\",\"@id\":\"https:\/\/www.leeb-balkone.com\/at\/#\/schema\/logo\/image\/\",\"url\":\"https:\/\/www.leeb-balkone.com\/app\/uploads\/2020\/11\/leeb-logo.svg\",\"contentUrl\":\"https:\/\/www.leeb-balkone.com\/app\/uploads\/2020\/11\/leeb-logo.svg\",\"width\":741,\"height\":204,\"caption\":\"Leeb Balkone Gmbh\"},\"image\":{\"@id\":\"https:\/\/www.leeb-balkone.com\/at\/#\/schema\/logo\/image\/\"},\"sameAs\":[\"https:\/\/www.facebook.com\/balkone\/\",\"https:\/\/www.trustedshops.at\/bewertung\/info_X4587CCF5833E31AFE0B11F47D86999F2.html\",\"https:\/\/www.trustedshops.de\/bewertung\/info_X7BA536A7A0BDC86D36C4718E4DCAEEEF.html\",\"https:\/\/www.google.com\/maps\/place\/?q=place_id:ChIJ5-zH19-IcEcR9HonWRTllHI\"]}]}<\/script>\n<!-- \/ Yoast SEO plugin. -->","yoast_head_json":{"title":"Planungsservice: Balkon, Zaun & \u00dcberdachung planen - Leeb Balkone \u00d6sterreich","description":"Individuelle Planung \u2713 Pers\u00f6nliche Beratung \u2713 3D-Konfigurator & Aufma\u00df \u2713 Ma\u00dfgeschneiderte L\u00f6sungen *** Planungsservice von Leeb!","robots":{"index":"index","follow":"follow","max-snippet":"max-snippet:-1","max-image-preview":"max-image-preview:large","max-video-preview":"max-video-preview:-1"},"og_locale":"de_DE","og_type":"article","og_title":"Planungsservice: Balkon, Zaun & \u00dcberdachung planen - Leeb Balkone","og_description":"Individuelle Planung \u2713 Pers\u00f6nliche Beratung \u2713 3D-Konfigurator & Aufma\u00df \u2713 Ma\u00dfgeschneiderte L\u00f6sungen *** Planungsservice von Leeb!","og_url":"https:\/\/www.leeb-balkone.com\/at\/service\/planungsservice\/","og_site_name":"Leeb Balkone","article_publisher":"https:\/\/www.facebook.com\/balkone\/","article_modified_time":"2026-02-04T13:41:29+00:00","og_image":[{"width":2560,"height":1762,"url":"https:\/\/www.leeb-balkone.com\/app\/uploads\/2020\/09\/alu-balkongelaender-zufriedene-kunden-1.jpg","type":"image\/jpeg"}],"twitter_card":"summary_large_image","schema":{"@context":"https:\/\/schema.org","@graph":[{"@type":"WebPage","@id":"https:\/\/www.leeb-balkone.com\/at\/service\/planungsservice\/","url":"https:\/\/www.leeb-balkone.com\/at\/service\/planungsservice\/","name":"Planungsservice: Balkon, Zaun & \u00dcberdachung planen - Leeb Balkone","isPartOf":{"@id":"https:\/\/www.leeb-balkone.com\/at\/#website"},"datePublished":"2020-08-27T19:01:40+00:00","dateModified":"2026-02-04T13:41:29+00:00","description":"Individuelle Planung \u2713 Pers\u00f6nliche Beratung \u2713 3D-Konfigurator & Aufma\u00df \u2713 Ma\u00dfgeschneiderte L\u00f6sungen *** Planungsservice von Leeb!","breadcrumb":{"@id":"https:\/\/www.leeb-balkone.com\/at\/service\/planungsservice\/#breadcrumb"},"inLanguage":"de-AT","potentialAction":[{"@type":"ReadAction","target":["https:\/\/www.leeb-balkone.com\/at\/service\/planungsservice\/"]}]},{"@type":"BreadcrumbList","@id":"https:\/\/www.leeb-balkone.com\/at\/service\/planungsservice\/#breadcrumb","itemListElement":[{"@type":"ListItem","position":1,"name":"Home","item":"https:\/\/www.leeb-balkone.com\/at\/"},{"@type":"ListItem","position":2,"name":"Service","item":"https:\/\/www.leeb-balkone.com\/at\/service\/"},{"@type":"ListItem","position":3,"name":"Planungsservice"}]},{"@type":"WebSite","@id":"https:\/\/www.leeb-balkone.com\/at\/#website","url":"https:\/\/www.leeb-balkone.com\/at\/","name":"Leeb Balkone","description":"Balkone und Z\u00e4une","publisher":{"@id":"https:\/\/www.leeb-balkone.com\/at\/#organization"},"potentialAction":[{"@type":"SearchAction","target":{"@type":"EntryPoint","urlTemplate":"https:\/\/www.leeb-balkone.com\/at\/?s={search_term_string}"},"query-input":{"@type":"PropertyValueSpecification","valueRequired":true,"valueName":"search_term_string"}}],"inLanguage":"de-AT"},{"@type":"Organization","@id":"https:\/\/www.leeb-balkone.com\/at\/#organization","name":"Leeb Balkone Gmbh","url":"https:\/\/www.leeb-balkone.com\/at\/","logo":{"@type":"ImageObject","inLanguage":"de-AT","@id":"https:\/\/www.leeb-balkone.com\/at\/#\/schema\/logo\/image\/","url":"https:\/\/www.leeb-balkone.com\/app\/uploads\/2020\/11\/leeb-logo.svg","contentUrl":"https:\/\/www.leeb-balkone.com\/app\/uploads\/2020\/11\/leeb-logo.svg","width":741,"height":204,"caption":"Leeb Balkone Gmbh"},"image":{"@id":"https:\/\/www.leeb-balkone.com\/at\/#\/schema\/logo\/image\/"},"sameAs":["https:\/\/www.facebook.com\/balkone\/","https:\/\/www.trustedshops.at\/bewertung\/info_X4587CCF5833E31AFE0B11F47D86999F2.html","https:\/\/www.trustedshops.de\/bewertung\/info_X7BA536A7A0BDC86D36C4718E4DCAEEEF.html","https:\/\/www.google.com\/maps\/place\/?q=place_id:ChIJ5-zH19-IcEcR9HonWRTllHI"]}]}},"_links":{"self":[{"href":"https:\/\/www.leeb-balkone.com\/at\/wp-json\/wp\/v2\/pages\/13151","targetHints":{"allow":["GET"]}}],"collection":[{"href":"https:\/\/www.leeb-balkone.com\/at\/wp-json\/wp\/v2\/pages"}],"about":[{"href":"https:\/\/www.leeb-balkone.com\/at\/wp-json\/wp\/v2\/types\/page"}],"author":[{"embeddable":true,"href":"https:\/\/www.leeb-balkone.com\/at\/wp-json\/wp\/v2\/users\/1"}],"replies":[{"embeddable":true,"href":"https:\/\/www.leeb-balkone.com\/at\/wp-json\/wp\/v2\/comments?post=13151"}],"version-history":[{"count":3,"href":"https:\/\/www.leeb-balkone.com\/at\/wp-json\/wp\/v2\/pages\/13151\/revisions"}],"predecessor-version":[{"id":163899,"href":"https:\/\/www.leeb-balkone.com\/at\/wp-json\/wp\/v2\/pages\/13151\/revisions\/163899"}],"up":[{"embeddable":true,"href":"https:\/\/www.leeb-balkone.com\/at\/wp-json\/wp\/v2\/pages\/17325"}],"wp:attachment":[{"href":"https:\/\/www.leeb-balkone.com\/at\/wp-json\/wp\/v2\/media?parent=13151"}],"wp:term":[{"taxonomy":"folder","embeddable":true,"href":"https:\/\/www.leeb-balkone.com\/at\/wp-json\/wp\/v2\/folder?post=13151"}],"curies":[{"name":"wp","href":"https:\/\/api.w.org\/{rel}","templated":true}]}}